{"id":11,"date":"2015-01-31T02:00:59","date_gmt":"2015-01-31T00:00:59","guid":{"rendered":"http:\/\/www.drozgurcetik.com\/?page_id=11"},"modified":"2016-07-17T23:39:36","modified_gmt":"2016-07-17T20:39:36","slug":"ozgecmis","status":"publish","type":"page","link":"https:\/\/www.drozgurcetik.com\/ar\/ozgecmis\/","title":{"rendered":"\u0633\u064a\u0631\u0629 \u0630\u0627\u062a\u064a\u0629"},"content":{"rendered":"<p><\/p>\n<p dir=\"rtl\"><strong>\u0633\u064a\u0631\u0629 \u0630\u0627\u062a\u064a\u0629<\/strong><\/p>\n<p dir=\"rtl\"><strong>\u0627\u0644\u0627\u0633\u0645 \u0648\u0627\u0644\u0644\u0642\u0628: <\/strong>\u0623\u0648\u0632\u062c\u0648\u0631 \u062a\u0634\u062a\u064a\u0643 \u00d6zg\u00fcr \u00c7etik<img loading=\"lazy\" decoding=\"async\" class=\" size-medium wp-image-74 alignleft\" src=\"http:\/\/www.drozgurcetik.com\/wp-content\/uploads\/2015\/01\/Ozgur.Cetik_resim-199x300.jpg\" alt=\"Ozgur.Cetik_resim\" width=\"199\" height=\"300\" srcset=\"https:\/\/www.drozgurcetik.com\/wp-content\/uploads\/2015\/01\/Ozgur.Cetik_resim-199x300.jpg 199w, https:\/\/www.drozgurcetik.com\/wp-content\/uploads\/2015\/01\/Ozgur.Cetik_resim-680x1024.jpg 680w, https:\/\/www.drozgurcetik.com\/wp-content\/uploads\/2015\/01\/Ozgur.Cetik_resim.jpg 1424w\" sizes=\"auto, (max-width: 199px) 100vw, 199px\" \/><\/p>\n<p dir=\"rtl\"><strong>\u062a\u0627\u0631\u064a\u062e \u0627\u0644\u0645\u064a\u0644\u0627\u062f:1\/1\/1973 <\/strong><\/p>\n<p dir=\"rtl\"><strong>\u0627\u0644\u0639\u0646\u0648\u0627\u0646: <\/strong>\u0645\u0633\u062a\u0634\u0641\u0649 \u0622\u062c\u064a\u0628\u0627\u062f\u0645 \u0627\u0644\u062e\u0627\u0635\u0629 \u0641\u064a \u0628\u0643\u0631 \u0643\u0648\u064a\u060c \u0642\u0633\u0645 \u0627\u0644\u0643\u0633\u0648\u0631 \u0648\u062c\u0631\u0627\u062d\u0629 \u0627\u0644\u0639\u0638\u0627\u0645 \u2013 \u0634\u0627\u0631\u0639 \u062e\u0627\u0644\u062f \u0636\u064a\u0627\u0621 \u0623\u0648\u0634\u0627\u0643\u0644\u064a\u062c\u064a\u0644\u060c \u0631\u0642\u0645: 1 \u2013 \u0628\u0643\u0631 \u0643\u0648\u064a \u2013 \u0625\u0633\u0637\u0646\u0628\u0648\u0644 \/ \u062a\u0631\u0643\u064a\u0627<\/p>\n<p dir=\"rtl\"><strong>\u0647\u0627\u062a\u0641 \u0623\u0631\u0636\u064a:+90 212 414 50 42<\/strong><\/p>\n<p dir=\"rtl\"><strong>\u0641\u0627\u0643\u0633:+90 212 414 51 40<\/strong><\/p>\n<p dir=\"rtl\"><strong>\u0648\u0638\u064a\u0641\u062a\u0647: <\/strong>\u0637\u0628\u064a\u0628<\/p>\n<p dir=\"rtl\"><strong>\u062d\u0627\u0644\u062a\u0647 \u0627\u0644\u062a\u0639\u0644\u064a\u0645\u064a\u0629: <\/strong><\/p>\n<table dir=\"rtl\">\n<tbody>\n<tr>\n<td width=\"142\"><strong>\u0627\u0644\u062f\u0631\u062c\u0629<\/strong><\/td>\n<td width=\"142\"><strong>\u0627\u0644\u0645\u062c\u0627\u0644<\/strong><\/td>\n<td width=\"142\"><strong>\u0627\u0644\u062c\u0627\u0645\u0639\u0629<\/strong><\/td>\n<td width=\"142\"><strong>\u0627\u0644\u0633\u0646\u0629<\/strong><\/td>\n<\/tr>\n<tr>\n<td width=\"142\"><strong>\u0628\u0643\u0627\u0644\u0648\u0631\u064a\u0648\u0633 <\/strong><\/td>\n<td width=\"142\"><strong>\u0643\u0644\u064a\u0629 \u0627\u0644\u0637\u0628<\/strong><\/td>\n<td width=\"142\"><strong>\u062c\u0627\u0645\u0639\u0629 \u0625\u0633\u0637\u0646\u0628\u0648\u0644<\/strong><\/td>\n<td width=\"142\"><strong>1995<\/strong><\/td>\n<\/tr>\n<tr>\n<td width=\"142\"><strong>\u062a\u062e\u0635\u0635 \u0641\u064a \u0627\u0644\u0637\u0628<\/strong><\/td>\n<td width=\"142\"><strong>\u062c\u0631\u0627\u062d\u0629 \u0627\u0644\u0639\u0638\u0627\u0645 \u0648\u0627\u0644\u0643\u0633\u0648\u0631<\/strong><\/td>\n<td width=\"142\"><strong>\u062c\u0627\u0645\u0639\u0629 \u0625\u0633\u0637\u0646\u0628\u0648\u0644<\/strong><\/td>\n<td width=\"142\"><strong>2000<\/strong><\/td>\n<\/tr>\n<tr>\n<td width=\"142\"><strong>\u0627\u0644\u0623\u0633\u062a\u0627\u0630\u064a\u0629<\/strong><\/td>\n<td width=\"142\"><strong>\u062c\u0631\u0627\u062d\u0629 \u0627\u0644\u0639\u0638\u0627\u0645 \u0648\u0627\u0644\u0643\u0633\u0648\u0631<\/strong><\/td>\n<td width=\"142\"><strong>\u062c\u0627\u0645\u0639\u0629 \u0642\u064a\u0631\u064a\u0642 \u0642\u0644\u0639\u0629<\/strong><\/td>\n<td width=\"142\"><strong>2007<\/strong><\/td>\n<\/tr>\n<tr>\n<td width=\"142\"><strong>\u0627\u0644\u0628\u0631\u0648\u0641\u064a\u0633\u0648\u0631\u064a\u0629 <\/strong><\/td>\n<td width=\"142\"><strong>\u062c\u0631\u0627\u062d\u0629 \u0627\u0644\u0639\u0638\u0627\u0645 \u0648\u0627\u0644\u0643\u0633\u0648\u0631<\/strong><\/td>\n<td width=\"142\"><strong>\u062c\u0627\u0645\u0639\u0629 \u0622\u062c\u064a\u0628\u0627\u062f\u0645<\/strong><\/td>\n<td width=\"142\"><strong>2013<\/strong><\/td>\n<\/tr>\n<\/tbody>\n<\/table>\n<p dir=\"rtl\"><strong>\u0627\u0644\u0623\u0644\u0642\u0627\u0628 \u0627\u0644\u0623\u0643\u0627\u062f\u064a\u0645\u064a\u0629: <\/strong>\u0628\u0631\u0648\u0641\u064a\u0633\u0648\u0631 \u062f\u0643\u062a\u0648\u0631<\/p>\n<p><\/p>\n<!-- AddThis Advanced Settings generic via filter on the_content --><!-- AddThis Share Buttons generic via filter on the_content -->","protected":false},"excerpt":{"rendered":"<p>\u0633\u064a\u0631\u0629 \u0630\u0627\u062a\u064a\u0629 \u0627\u0644\u0627\u0633\u0645 \u0648\u0627\u0644\u0644\u0642\u0628: \u0623\u0648\u0632\u062c\u0648\u0631 \u062a\u0634\u062a\u064a\u0643 \u00d6zg\u00fcr \u00c7etik \u062a\u0627\u0631\u064a\u062e \u0627\u0644\u0645\u064a\u0644\u0627\u062f:1\/1\/1973 \u0627\u0644\u0639\u0646\u0648\u0627\u0646: \u0645\u0633\u062a\u0634\u0641\u0649 \u0622\u062c\u064a\u0628\u0627\u062f\u0645 \u0627\u0644\u062e\u0627\u0635\u0629 \u0641\u064a \u0628\u0643\u0631 \u0643\u0648\u064a\u060c \u0642\u0633\u0645 \u0627\u0644\u0643\u0633\u0648\u0631 \u0648\u062c\u0631\u0627\u062d\u0629 \u0627\u0644\u0639\u0638\u0627\u0645 \u2013 \u0634\u0627\u0631\u0639 \u062e\u0627\u0644\u062f \u0636\u064a\u0627\u0621 \u0623\u0648\u0634\u0627\u0643\u0644\u064a\u062c\u064a\u0644\u060c \u0631\u0642\u0645: 1 \u2013 \u0628\u0643\u0631 \u0643\u0648\u064a \u2013 \u0625\u0633\u0637\u0646\u0628\u0648\u0644 \/ \u062a\u0631\u0643\u064a\u0627 \u0647\u0627\u062a\u0641 \u0623\u0631\u0636\u064a:+90 212 414 50 42 \u0641\u0627\u0643\u0633:+90 212 414 51 40 \u0648\u0638\u064a\u0641\u062a\u0647: \u0637\u0628\u064a\u0628 \u062d\u0627\u0644\u062a\u0647 \u0627\u0644\u062a\u0639\u0644\u064a\u0645\u064a\u0629: \u0627\u0644\u062f\u0631\u062c\u0629 \u0627\u0644\u0645\u062c\u0627\u0644 \u0627\u0644\u062c\u0627\u0645\u0639\u0629 \u0627\u0644\u0633\u0646\u0629 \u0628\u0643\u0627\u0644\u0648\u0631\u064a\u0648\u0633&#8230;<!-- AddThis Advanced Settings generic via filter on get_the_excerpt --><!-- AddThis Share Buttons generic via filter on get_the_excerpt --><\/p>\n","protected":false},"author":1,"featured_media":0,"parent":0,"menu_order":0,"comment_status":"closed","ping_status":"closed","template":"","meta":{"ngg_post_thumbnail":0,"footnotes":""},"class_list":["post-11","page","type-page","status-publish","hentry","no-featured-image","page-entry","loop-entry clr"],"yoast_head":"<!-- This site is optimized with the Yoast SEO plugin v27.5 - https:\/\/yoast.com\/product\/yoast-seo-wordpress\/ -->\n<title>\u0633\u064a\u0631\u0629 \u0630\u0627\u062a\u064a\u0629 - Prof. Dr. &Ouml;zg&uuml;r &Ccedil;ET\u0130K<\/title>\n<meta name=\"robots\" content=\"index, follow, max-snippet:-1, max-image-preview:large, max-video-preview:-1\" \/>\n<link rel=\"canonical\" href=\"https:\/\/www.drozgurcetik.com\/ozgecmis\/\" \/>\n<meta property=\"og:locale\" content=\"ar_AR\" \/>\n<meta property=\"og:type\" content=\"article\" \/>\n<meta property=\"og:title\" content=\"[:tr]\u00d6zge\u00e7mi\u015f[:en]\u00d6zge\u00e7mi\u015f[:ar]\u0633\u064a\u0631\u0629 \u0630\u0627\u062a\u064a\u0629[:kd]\u0695\u0627\u0628\u0631\u062f\u0648\u0648[:] - Prof. Dr. &Ouml;zg&uuml;r &Ccedil;ET\u0130K\" \/>\n<meta property=\"og:description\" content=\"\u0633\u064a\u0631\u0629 \u0630\u0627\u062a\u064a\u0629 \u0627\u0644\u0627\u0633\u0645 \u0648\u0627\u0644\u0644\u0642\u0628: \u0623\u0648\u0632\u062c\u0648\u0631 \u062a\u0634\u062a\u064a\u0643 \u00d6zg\u00fcr \u00c7etik \u062a\u0627\u0631\u064a\u062e \u0627\u0644\u0645\u064a\u0644\u0627\u062f:1\/1\/1973 \u0627\u0644\u0639\u0646\u0648\u0627\u0646: \u0645\u0633\u062a\u0634\u0641\u0649 \u0622\u062c\u064a\u0628\u0627\u062f\u0645 \u0627\u0644\u062e\u0627\u0635\u0629 \u0641\u064a \u0628\u0643\u0631 \u0643\u0648\u064a\u060c \u0642\u0633\u0645 \u0627\u0644\u0643\u0633\u0648\u0631 \u0648\u062c\u0631\u0627\u062d\u0629 \u0627\u0644\u0639\u0638\u0627\u0645 \u2013 \u0634\u0627\u0631\u0639 \u062e\u0627\u0644\u062f \u0636\u064a\u0627\u0621 \u0623\u0648\u0634\u0627\u0643\u0644\u064a\u062c\u064a\u0644\u060c \u0631\u0642\u0645: 1 \u2013 \u0628\u0643\u0631 \u0643\u0648\u064a \u2013 \u0625\u0633\u0637\u0646\u0628\u0648\u0644 \/ \u062a\u0631\u0643\u064a\u0627 \u0647\u0627\u062a\u0641 \u0623\u0631\u0636\u064a:+90 212 414 50 42 \u0641\u0627\u0643\u0633:+90 212 414 51 40 \u0648\u0638\u064a\u0641\u062a\u0647: \u0637\u0628\u064a\u0628 \u062d\u0627\u0644\u062a\u0647 \u0627\u0644\u062a\u0639\u0644\u064a\u0645\u064a\u0629: \u0627\u0644\u062f\u0631\u062c\u0629 \u0627\u0644\u0645\u062c\u0627\u0644 \u0627\u0644\u062c\u0627\u0645\u0639\u0629 \u0627\u0644\u0633\u0646\u0629 \u0628\u0643\u0627\u0644\u0648\u0631\u064a\u0648\u0633...\" \/>\n<meta property=\"og:url\" content=\"https:\/\/www.drozgurcetik.com\/ozgecmis\/\" \/>\n<meta property=\"og:site_name\" content=\"Prof. Dr. &Ouml;zg&uuml;r &Ccedil;ET\u0130K\" \/>\n<meta property=\"article:publisher\" content=\"https:\/\/www.facebook.com\/drozgurcetik\" \/>\n<meta property=\"article:modified_time\" content=\"2016-07-17T20:39:36+00:00\" \/>\n<meta property=\"og:image\" content=\"http:\/\/www.drozgurcetik.com\/wp-content\/uploads\/2015\/01\/Ozgur.Cetik_resim-199x300.jpg\" \/>\n<meta name=\"twitter:card\" content=\"summary_large_image\" \/>\n<meta name=\"twitter:site\" content=\"@PrfDrOzgurCetik\" \/>\n<meta name=\"twitter:label1\" content=\"\u0648\u0642\u062a \u0627\u0644\u0642\u0631\u0627\u0621\u0629 \u0627\u0644\u0645\u064f\u0642\u062f\u0651\u0631\" \/>\n\t<meta name=\"twitter:data1\" content=\"\u062f\u0642\u064a\u0642\u062a\u0627\u0646\" \/>\n<script type=\"application\/ld+json\" class=\"yoast-schema-graph\">{\"@context\":\"https:\\\/\\\/schema.org\",\"@graph\":[{\"@type\":\"WebPage\",\"@id\":\"https:\\\/\\\/www.drozgurcetik.com\\\/ozgecmis\\\/\",\"url\":\"https:\\\/\\\/www.drozgurcetik.com\\\/ozgecmis\\\/\",\"name\":\"[:tr]\u00d6zge\u00e7mi\u015f[:en]\u00d6zge\u00e7mi\u015f[:ar]\u0633\u064a\u0631\u0629 \u0630\u0627\u062a\u064a\u0629[:kd]\u0695\u0627\u0628\u0631\u062f\u0648\u0648[:] - Prof. Dr. &Ouml;zg&uuml;r &Ccedil;ET\u0130K\",\"isPartOf\":{\"@id\":\"https:\\\/\\\/www.drozgurcetik.com\\\/en\\\/#website\"},\"primaryImageOfPage\":{\"@id\":\"https:\\\/\\\/www.drozgurcetik.com\\\/ozgecmis\\\/#primaryimage\"},\"image\":{\"@id\":\"https:\\\/\\\/www.drozgurcetik.com\\\/ozgecmis\\\/#primaryimage\"},\"thumbnailUrl\":\"http:\\\/\\\/www.drozgurcetik.com\\\/wp-content\\\/uploads\\\/2015\\\/01\\\/Ozgur.Cetik_resim-199x300.jpg\",\"datePublished\":\"2015-01-31T00:00:59+00:00\",\"dateModified\":\"2016-07-17T20:39:36+00:00\",\"breadcrumb\":{\"@id\":\"https:\\\/\\\/www.drozgurcetik.com\\\/ozgecmis\\\/#breadcrumb\"},\"inLanguage\":\"ar\",\"potentialAction\":[{\"@type\":\"ReadAction\",\"target\":[\"https:\\\/\\\/www.drozgurcetik.com\\\/ozgecmis\\\/\"]}]},{\"@type\":\"ImageObject\",\"inLanguage\":\"ar\",\"@id\":\"https:\\\/\\\/www.drozgurcetik.com\\\/ozgecmis\\\/#primaryimage\",\"url\":\"http:\\\/\\\/www.drozgurcetik.com\\\/wp-content\\\/uploads\\\/2015\\\/01\\\/Ozgur.Cetik_resim-199x300.jpg\",\"contentUrl\":\"http:\\\/\\\/www.drozgurcetik.com\\\/wp-content\\\/uploads\\\/2015\\\/01\\\/Ozgur.Cetik_resim-199x300.jpg\"},{\"@type\":\"BreadcrumbList\",\"@id\":\"https:\\\/\\\/www.drozgurcetik.com\\\/ozgecmis\\\/#breadcrumb\",\"itemListElement\":[{\"@type\":\"ListItem\",\"position\":1,\"name\":\"Anasayfa\",\"item\":\"https:\\\/\\\/www.drozgurcetik.com\\\/en\\\/\"},{\"@type\":\"ListItem\",\"position\":2,\"name\":\"\u00d6zge\u00e7mi\u015f\"}]},{\"@type\":\"WebSite\",\"@id\":\"https:\\\/\\\/www.drozgurcetik.com\\\/en\\\/#website\",\"url\":\"https:\\\/\\\/www.drozgurcetik.com\\\/en\\\/\",\"name\":\"Prof. Dr. \u00d6zg\u00fcr \u00c7ET\u0130K\",\"description\":\"\u062c\u0631\u0627\u062d\u0629 \u0627\u0644\u0639\u0638\u0627\u0645 \u0648\u0627\u0644\u0643\u0633\u0648\u0631\",\"publisher\":{\"@id\":\"https:\\\/\\\/www.drozgurcetik.com\\\/en\\\/#organization\"},\"alternateName\":\"Ortopedi ve Travmatoloji Uzman\u0131\",\"potentialAction\":[{\"@type\":\"SearchAction\",\"target\":{\"@type\":\"EntryPoint\",\"urlTemplate\":\"https:\\\/\\\/www.drozgurcetik.com\\\/en\\\/?s={search_term_string}\"},\"query-input\":{\"@type\":\"PropertyValueSpecification\",\"valueRequired\":true,\"valueName\":\"search_term_string\"}}],\"inLanguage\":\"ar\"},{\"@type\":\"Organization\",\"@id\":\"https:\\\/\\\/www.drozgurcetik.com\\\/en\\\/#organization\",\"name\":\"Prof. Dr. \u00d6zg\u00fcr \u00c7ET\u0130K\",\"alternateName\":\"Ortopedi ve Travmatoloji Uzman\u0131\",\"url\":\"https:\\\/\\\/www.drozgurcetik.com\\\/en\\\/\",\"logo\":{\"@type\":\"ImageObject\",\"inLanguage\":\"ar\",\"@id\":\"https:\\\/\\\/www.drozgurcetik.com\\\/en\\\/#\\\/schema\\\/logo\\\/image\\\/\",\"url\":\"https:\\\/\\\/www.drozgurcetik.com\\\/wp-content\\\/uploads\\\/cropped-prof.dr-ozgur-cetik.jpg\",\"contentUrl\":\"https:\\\/\\\/www.drozgurcetik.com\\\/wp-content\\\/uploads\\\/cropped-prof.dr-ozgur-cetik.jpg\",\"width\":512,\"height\":512,\"caption\":\"Prof. Dr. \u00d6zg\u00fcr \u00c7ET\u0130K\"},\"image\":{\"@id\":\"https:\\\/\\\/www.drozgurcetik.com\\\/en\\\/#\\\/schema\\\/logo\\\/image\\\/\"},\"sameAs\":[\"https:\\\/\\\/www.facebook.com\\\/drozgurcetik\",\"https:\\\/\\\/x.com\\\/PrfDrOzgurCetik\"]}]}<\/script>\n<!-- \/ Yoast SEO plugin. -->","yoast_head_json":{"title":"[:tr]\u00d6zge\u00e7mi\u015f[:en]\u00d6zge\u00e7mi\u015f[:ar]\u0633\u064a\u0631\u0629 \u0630\u0627\u062a\u064a\u0629[:kd]\u0695\u0627\u0628\u0631\u062f\u0648\u0648[:] - Prof. Dr. &Ouml;zg&uuml;r &Ccedil;ET\u0130K","robots":{"index":"index","follow":"follow","max-snippet":"max-snippet:-1","max-image-preview":"max-image-preview:large","max-video-preview":"max-video-preview:-1"},"canonical":"https:\/\/www.drozgurcetik.com\/ozgecmis\/","og_locale":"ar_AR","og_type":"article","og_title":"[:tr]\u00d6zge\u00e7mi\u015f[:en]\u00d6zge\u00e7mi\u015f[:ar]\u0633\u064a\u0631\u0629 \u0630\u0627\u062a\u064a\u0629[:kd]\u0695\u0627\u0628\u0631\u062f\u0648\u0648[:] - Prof. Dr. &Ouml;zg&uuml;r &Ccedil;ET\u0130K","og_description":"\u0633\u064a\u0631\u0629 \u0630\u0627\u062a\u064a\u0629 \u0627\u0644\u0627\u0633\u0645 \u0648\u0627\u0644\u0644\u0642\u0628: \u0623\u0648\u0632\u062c\u0648\u0631 \u062a\u0634\u062a\u064a\u0643 \u00d6zg\u00fcr \u00c7etik \u062a\u0627\u0631\u064a\u062e \u0627\u0644\u0645\u064a\u0644\u0627\u062f:1\/1\/1973 \u0627\u0644\u0639\u0646\u0648\u0627\u0646: \u0645\u0633\u062a\u0634\u0641\u0649 \u0622\u062c\u064a\u0628\u0627\u062f\u0645 \u0627\u0644\u062e\u0627\u0635\u0629 \u0641\u064a \u0628\u0643\u0631 \u0643\u0648\u064a\u060c \u0642\u0633\u0645 \u0627\u0644\u0643\u0633\u0648\u0631 \u0648\u062c\u0631\u0627\u062d\u0629 \u0627\u0644\u0639\u0638\u0627\u0645 \u2013 \u0634\u0627\u0631\u0639 \u062e\u0627\u0644\u062f \u0636\u064a\u0627\u0621 \u0623\u0648\u0634\u0627\u0643\u0644\u064a\u062c\u064a\u0644\u060c \u0631\u0642\u0645: 1 \u2013 \u0628\u0643\u0631 \u0643\u0648\u064a \u2013 \u0625\u0633\u0637\u0646\u0628\u0648\u0644 \/ \u062a\u0631\u0643\u064a\u0627 \u0647\u0627\u062a\u0641 \u0623\u0631\u0636\u064a:+90 212 414 50 42 \u0641\u0627\u0643\u0633:+90 212 414 51 40 \u0648\u0638\u064a\u0641\u062a\u0647: \u0637\u0628\u064a\u0628 \u062d\u0627\u0644\u062a\u0647 \u0627\u0644\u062a\u0639\u0644\u064a\u0645\u064a\u0629: \u0627\u0644\u062f\u0631\u062c\u0629 \u0627\u0644\u0645\u062c\u0627\u0644 \u0627\u0644\u062c\u0627\u0645\u0639\u0629 \u0627\u0644\u0633\u0646\u0629 \u0628\u0643\u0627\u0644\u0648\u0631\u064a\u0648\u0633...","og_url":"https:\/\/www.drozgurcetik.com\/ozgecmis\/","og_site_name":"Prof. Dr. &Ouml;zg&uuml;r &Ccedil;ET\u0130K","article_publisher":"https:\/\/www.facebook.com\/drozgurcetik","article_modified_time":"2016-07-17T20:39:36+00:00","og_image":[{"url":"http:\/\/www.drozgurcetik.com\/wp-content\/uploads\/2015\/01\/Ozgur.Cetik_resim-199x300.jpg","type":"","width":"","height":""}],"twitter_card":"summary_large_image","twitter_site":"@PrfDrOzgurCetik","twitter_misc":{"\u0648\u0642\u062a \u0627\u0644\u0642\u0631\u0627\u0621\u0629 \u0627\u0644\u0645\u064f\u0642\u062f\u0651\u0631":"\u062f\u0642\u064a\u0642\u062a\u0627\u0646"},"schema":{"@context":"https:\/\/schema.org","@graph":[{"@type":"WebPage","@id":"https:\/\/www.drozgurcetik.com\/ozgecmis\/","url":"https:\/\/www.drozgurcetik.com\/ozgecmis\/","name":"[:tr]\u00d6zge\u00e7mi\u015f[:en]\u00d6zge\u00e7mi\u015f[:ar]\u0633\u064a\u0631\u0629 \u0630\u0627\u062a\u064a\u0629[:kd]\u0695\u0627\u0628\u0631\u062f\u0648\u0648[:] - Prof. Dr. &Ouml;zg&uuml;r &Ccedil;ET\u0130K","isPartOf":{"@id":"https:\/\/www.drozgurcetik.com\/en\/#website"},"primaryImageOfPage":{"@id":"https:\/\/www.drozgurcetik.com\/ozgecmis\/#primaryimage"},"image":{"@id":"https:\/\/www.drozgurcetik.com\/ozgecmis\/#primaryimage"},"thumbnailUrl":"http:\/\/www.drozgurcetik.com\/wp-content\/uploads\/2015\/01\/Ozgur.Cetik_resim-199x300.jpg","datePublished":"2015-01-31T00:00:59+00:00","dateModified":"2016-07-17T20:39:36+00:00","breadcrumb":{"@id":"https:\/\/www.drozgurcetik.com\/ozgecmis\/#breadcrumb"},"inLanguage":"ar","potentialAction":[{"@type":"ReadAction","target":["https:\/\/www.drozgurcetik.com\/ozgecmis\/"]}]},{"@type":"ImageObject","inLanguage":"ar","@id":"https:\/\/www.drozgurcetik.com\/ozgecmis\/#primaryimage","url":"http:\/\/www.drozgurcetik.com\/wp-content\/uploads\/2015\/01\/Ozgur.Cetik_resim-199x300.jpg","contentUrl":"http:\/\/www.drozgurcetik.com\/wp-content\/uploads\/2015\/01\/Ozgur.Cetik_resim-199x300.jpg"},{"@type":"BreadcrumbList","@id":"https:\/\/www.drozgurcetik.com\/ozgecmis\/#breadcrumb","itemListElement":[{"@type":"ListItem","position":1,"name":"Anasayfa","item":"https:\/\/www.drozgurcetik.com\/en\/"},{"@type":"ListItem","position":2,"name":"\u00d6zge\u00e7mi\u015f"}]},{"@type":"WebSite","@id":"https:\/\/www.drozgurcetik.com\/en\/#website","url":"https:\/\/www.drozgurcetik.com\/en\/","name":"Prof. Dr. \u00d6zg\u00fcr \u00c7ET\u0130K","description":"\u062c\u0631\u0627\u062d\u0629 \u0627\u0644\u0639\u0638\u0627\u0645 \u0648\u0627\u0644\u0643\u0633\u0648\u0631","publisher":{"@id":"https:\/\/www.drozgurcetik.com\/en\/#organization"},"alternateName":"Ortopedi ve Travmatoloji Uzman\u0131","potentialAction":[{"@type":"SearchAction","target":{"@type":"EntryPoint","urlTemplate":"https:\/\/www.drozgurcetik.com\/en\/?s={search_term_string}"},"query-input":{"@type":"PropertyValueSpecification","valueRequired":true,"valueName":"search_term_string"}}],"inLanguage":"ar"},{"@type":"Organization","@id":"https:\/\/www.drozgurcetik.com\/en\/#organization","name":"Prof. Dr. \u00d6zg\u00fcr \u00c7ET\u0130K","alternateName":"Ortopedi ve Travmatoloji Uzman\u0131","url":"https:\/\/www.drozgurcetik.com\/en\/","logo":{"@type":"ImageObject","inLanguage":"ar","@id":"https:\/\/www.drozgurcetik.com\/en\/#\/schema\/logo\/image\/","url":"https:\/\/www.drozgurcetik.com\/wp-content\/uploads\/cropped-prof.dr-ozgur-cetik.jpg","contentUrl":"https:\/\/www.drozgurcetik.com\/wp-content\/uploads\/cropped-prof.dr-ozgur-cetik.jpg","width":512,"height":512,"caption":"Prof. Dr. \u00d6zg\u00fcr \u00c7ET\u0130K"},"image":{"@id":"https:\/\/www.drozgurcetik.com\/en\/#\/schema\/logo\/image\/"},"sameAs":["https:\/\/www.facebook.com\/drozgurcetik","https:\/\/x.com\/PrfDrOzgurCetik"]}]}},"_links":{"self":[{"href":"https:\/\/www.drozgurcetik.com\/ar\/wp-json\/wp\/v2\/pages\/11","targetHints":{"allow":["GET"]}}],"collection":[{"href":"https:\/\/www.drozgurcetik.com\/ar\/wp-json\/wp\/v2\/pages"}],"about":[{"href":"https:\/\/www.drozgurcetik.com\/ar\/wp-json\/wp\/v2\/types\/page"}],"author":[{"embeddable":true,"href":"https:\/\/www.drozgurcetik.com\/ar\/wp-json\/wp\/v2\/users\/1"}],"replies":[{"embeddable":true,"href":"https:\/\/www.drozgurcetik.com\/ar\/wp-json\/wp\/v2\/comments?post=11"}],"version-history":[{"count":41,"href":"https:\/\/www.drozgurcetik.com\/ar\/wp-json\/wp\/v2\/pages\/11\/revisions"}],"predecessor-version":[{"id":1010,"href":"https:\/\/www.drozgurcetik.com\/ar\/wp-json\/wp\/v2\/pages\/11\/revisions\/1010"}],"wp:attachment":[{"href":"https:\/\/www.drozgurcetik.com\/ar\/wp-json\/wp\/v2\/media?parent=11"}],"curies":[{"name":"wp","href":"https:\/\/api.w.org\/{rel}","templated":true}]}}