{"id":11,"date":"2015-01-31T02:00:59","date_gmt":"2015-01-31T00:00:59","guid":{"rendered":"http:\/\/www.drozgurcetik.com\/?page_id=11"},"modified":"2016-07-17T23:39:36","modified_gmt":"2016-07-17T20:39:36","slug":"ozgecmis","status":"publish","type":"page","link":"https:\/\/www.drozgurcetik.com\/en\/ozgecmis\/","title":{"rendered":"\u00d6zge\u00e7mi\u015f"},"content":{"rendered":"<p><\/p>\n<p style=\"text-align: justify;\"><a href=\"http:\/\/www.drozgurcetik.com\/wp-content\/uploads\/2015\/01\/Ozgur.Cetik_resim.jpg\"><img loading=\"lazy\" decoding=\"async\" class=\" size-medium wp-image-74 alignleft\" src=\"http:\/\/www.drozgurcetik.com\/wp-content\/uploads\/2015\/01\/Ozgur.Cetik_resim-199x300.jpg\" alt=\"Ozgur.Cetik_resim\" width=\"199\" height=\"300\" srcset=\"https:\/\/www.drozgurcetik.com\/wp-content\/uploads\/2015\/01\/Ozgur.Cetik_resim-199x300.jpg 199w, https:\/\/www.drozgurcetik.com\/wp-content\/uploads\/2015\/01\/Ozgur.Cetik_resim-680x1024.jpg 680w, https:\/\/www.drozgurcetik.com\/wp-content\/uploads\/2015\/01\/Ozgur.Cetik_resim.jpg 1424w\" sizes=\"auto, (max-width: 199px) 100vw, 199px\" \/><\/a><\/p>\n<p><strong>CURRICULUM VITAE<\/strong><\/p>\n<p><strong>Ozgur Cetik, M.D.<\/strong><\/p>\n<p><strong>Date of Birth:<\/strong> December 20, 1973<br \/>\n<strong>Place of Birth:<\/strong> Giresun, TURKEY<br \/>\n<strong>Marital Status:<\/strong> Married<\/p>\n<p><strong>Education and career<\/strong>: 1989 &#8211; 1995 : Istanbul University,\u00a0Medical School, Turkey (MD)<\/p>\n<p><span style=\"color: #555555;\"><b>Orthopedics Specialist Training<\/b><\/span><span style=\"color: #555555;\">: 1996 \u2013 2000 : Istanbul University, Medical School Department of Orthopedics and Traumatology, Turkey<\/span><\/p>\n<p><strong><span style=\"color: #000000;\"><span style=\"font-family: Arial, sans-serif;\"><span style=\"font-size: medium;\">Asistant Professor:<\/span><\/span><\/span><\/strong><span style=\"color: #555555;\"><span style=\"font-family: Arial, sans-serif;\"><span style=\"font-size: medium;\">\u00a02002-2007: Kirikkale University, School of Medicine, Department of Orthopedics and Traumatology, Turkey<\/span><\/span><\/span><\/p>\n<p><strong>Associate Professor:<\/strong> 2007-2011: Kirikkale University, School of Medicine, Department of Orthopedics and Traumatology, Turkey<\/p>\n<p><strong><span style=\"color: #000000;\"><span style=\"font-family: Arial, sans-serif;\"><span style=\"font-size: medium;\"><b>Professor: <\/b><\/span><\/span><\/span><\/strong><strong><span style=\"color: #000000;\"><span style=\"font-family: Arial, sans-serif;\"><span style=\"font-size: medium;\">2013- today <\/span><\/span><\/span><\/strong><strong><span style=\"color: #000000;\"><span style=\"font-family: Arial, sans-serif;\"><span style=\"font-size: medium;\">:<\/span><\/span><\/span><\/strong><span style=\"color: #555555;\"><span style=\"font-family: Arial, sans-serif;\"><span style=\"font-size: medium;\">\u00a0Acibadem University,Istanbul-Turkey<\/span><\/span><\/span><\/p>\n<p><strong>Interested<\/strong>:<br \/>\n-Arthroscopic and Sports Surgery<br \/>\n-Trauma Surgery<br \/>\n-Prosthesis Surgery<br \/>\n-Shortening and Deformity Surgery<br \/>\n-Shoulder Surgery<br \/>\n-Knee Surgery<br \/>\n-Hip Surgery<br \/>\n-Ankle Surgery<\/p>\n<!-- AddThis Advanced Settings generic via filter on the_content --><!-- AddThis Share Buttons generic via filter on the_content -->","protected":false},"excerpt":{"rendered":"<p>CURRICULUM VITAE Ozgur Cetik, M.D. Date of Birth: December 20, 1973 Place of Birth: Giresun, TURKEY Marital Status: Married Education and career: 1989 &#8211; 1995 : Istanbul University,\u00a0Medical School, Turkey (MD) Orthopedics Specialist Training: 1996 \u2013 2000 : Istanbul University, Medical School Department of Orthopedics and Traumatology, Turkey Asistant Professor:\u00a02002-2007: Kirikkale University, School of Medicine,&#8230;<!-- AddThis Advanced Settings generic via filter on get_the_excerpt --><!-- AddThis Share Buttons generic via filter on get_the_excerpt --><\/p>\n","protected":false},"author":1,"featured_media":0,"parent":0,"menu_order":0,"comment_status":"closed","ping_status":"closed","template":"","meta":{"ngg_post_thumbnail":0,"footnotes":""},"class_list":["post-11","page","type-page","status-publish","hentry","no-featured-image","page-entry","loop-entry clr"],"yoast_head":"<!-- This site is optimized with the Yoast SEO plugin v27.5 - https:\/\/yoast.com\/product\/yoast-seo-wordpress\/ -->\n<title>\u00d6zge\u00e7mi\u015f - Prof. Dr. &Ouml;zg&uuml;r &Ccedil;ET\u0130K<\/title>\n<meta name=\"robots\" content=\"index, follow, max-snippet:-1, max-image-preview:large, max-video-preview:-1\" \/>\n<link rel=\"canonical\" href=\"https:\/\/www.drozgurcetik.com\/ozgecmis\/\" \/>\n<meta property=\"og:locale\" content=\"en_US\" \/>\n<meta property=\"og:type\" content=\"article\" \/>\n<meta property=\"og:title\" content=\"[:tr]\u00d6zge\u00e7mi\u015f[:en]\u00d6zge\u00e7mi\u015f[:ar]\u0633\u064a\u0631\u0629 \u0630\u0627\u062a\u064a\u0629[:kd]\u0695\u0627\u0628\u0631\u062f\u0648\u0648[:] - Prof. Dr. &Ouml;zg&uuml;r &Ccedil;ET\u0130K\" \/>\n<meta property=\"og:description\" content=\"CURRICULUM VITAE Ozgur Cetik, M.D. Date of Birth: December 20, 1973 Place of Birth: Giresun, TURKEY Marital Status: Married Education and career: 1989 &#8211; 1995 : Istanbul University,\u00a0Medical School, Turkey (MD) Orthopedics Specialist Training: 1996 \u2013 2000 : Istanbul University, Medical School Department of Orthopedics and Traumatology, Turkey Asistant Professor:\u00a02002-2007: Kirikkale University, School of Medicine,...\" \/>\n<meta property=\"og:url\" content=\"https:\/\/www.drozgurcetik.com\/ozgecmis\/\" \/>\n<meta property=\"og:site_name\" content=\"Prof. Dr. &Ouml;zg&uuml;r &Ccedil;ET\u0130K\" \/>\n<meta property=\"article:publisher\" content=\"https:\/\/www.facebook.com\/drozgurcetik\" \/>\n<meta property=\"article:modified_time\" content=\"2016-07-17T20:39:36+00:00\" \/>\n<meta property=\"og:image\" content=\"http:\/\/www.drozgurcetik.com\/wp-content\/uploads\/2015\/01\/Ozgur.Cetik_resim-199x300.jpg\" \/>\n<meta name=\"twitter:card\" content=\"summary_large_image\" \/>\n<meta name=\"twitter:site\" content=\"@PrfDrOzgurCetik\" \/>\n<meta name=\"twitter:label1\" content=\"Est. reading time\" \/>\n\t<meta name=\"twitter:data1\" content=\"2 minutes\" \/>\n<script type=\"application\/ld+json\" class=\"yoast-schema-graph\">{\"@context\":\"https:\\\/\\\/schema.org\",\"@graph\":[{\"@type\":\"WebPage\",\"@id\":\"https:\\\/\\\/www.drozgurcetik.com\\\/ozgecmis\\\/\",\"url\":\"https:\\\/\\\/www.drozgurcetik.com\\\/ozgecmis\\\/\",\"name\":\"[:tr]\u00d6zge\u00e7mi\u015f[:en]\u00d6zge\u00e7mi\u015f[:ar]\u0633\u064a\u0631\u0629 \u0630\u0627\u062a\u064a\u0629[:kd]\u0695\u0627\u0628\u0631\u062f\u0648\u0648[:] - Prof. Dr. &Ouml;zg&uuml;r &Ccedil;ET\u0130K\",\"isPartOf\":{\"@id\":\"https:\\\/\\\/www.drozgurcetik.com\\\/en\\\/#website\"},\"primaryImageOfPage\":{\"@id\":\"https:\\\/\\\/www.drozgurcetik.com\\\/ozgecmis\\\/#primaryimage\"},\"image\":{\"@id\":\"https:\\\/\\\/www.drozgurcetik.com\\\/ozgecmis\\\/#primaryimage\"},\"thumbnailUrl\":\"http:\\\/\\\/www.drozgurcetik.com\\\/wp-content\\\/uploads\\\/2015\\\/01\\\/Ozgur.Cetik_resim-199x300.jpg\",\"datePublished\":\"2015-01-31T00:00:59+00:00\",\"dateModified\":\"2016-07-17T20:39:36+00:00\",\"breadcrumb\":{\"@id\":\"https:\\\/\\\/www.drozgurcetik.com\\\/ozgecmis\\\/#breadcrumb\"},\"inLanguage\":\"en-US\",\"potentialAction\":[{\"@type\":\"ReadAction\",\"target\":[\"https:\\\/\\\/www.drozgurcetik.com\\\/ozgecmis\\\/\"]}]},{\"@type\":\"ImageObject\",\"inLanguage\":\"en-US\",\"@id\":\"https:\\\/\\\/www.drozgurcetik.com\\\/ozgecmis\\\/#primaryimage\",\"url\":\"http:\\\/\\\/www.drozgurcetik.com\\\/wp-content\\\/uploads\\\/2015\\\/01\\\/Ozgur.Cetik_resim-199x300.jpg\",\"contentUrl\":\"http:\\\/\\\/www.drozgurcetik.com\\\/wp-content\\\/uploads\\\/2015\\\/01\\\/Ozgur.Cetik_resim-199x300.jpg\"},{\"@type\":\"BreadcrumbList\",\"@id\":\"https:\\\/\\\/www.drozgurcetik.com\\\/ozgecmis\\\/#breadcrumb\",\"itemListElement\":[{\"@type\":\"ListItem\",\"position\":1,\"name\":\"Anasayfa\",\"item\":\"https:\\\/\\\/www.drozgurcetik.com\\\/en\\\/\"},{\"@type\":\"ListItem\",\"position\":2,\"name\":\"\u00d6zge\u00e7mi\u015f\"}]},{\"@type\":\"WebSite\",\"@id\":\"https:\\\/\\\/www.drozgurcetik.com\\\/en\\\/#website\",\"url\":\"https:\\\/\\\/www.drozgurcetik.com\\\/en\\\/\",\"name\":\"Prof. Dr. \u00d6zg\u00fcr \u00c7ET\u0130K\",\"description\":\"Orthopedics and Traumatology\",\"publisher\":{\"@id\":\"https:\\\/\\\/www.drozgurcetik.com\\\/en\\\/#organization\"},\"alternateName\":\"Ortopedi ve Travmatoloji Uzman\u0131\",\"potentialAction\":[{\"@type\":\"SearchAction\",\"target\":{\"@type\":\"EntryPoint\",\"urlTemplate\":\"https:\\\/\\\/www.drozgurcetik.com\\\/en\\\/?s={search_term_string}\"},\"query-input\":{\"@type\":\"PropertyValueSpecification\",\"valueRequired\":true,\"valueName\":\"search_term_string\"}}],\"inLanguage\":\"en-US\"},{\"@type\":\"Organization\",\"@id\":\"https:\\\/\\\/www.drozgurcetik.com\\\/en\\\/#organization\",\"name\":\"Prof. Dr. \u00d6zg\u00fcr \u00c7ET\u0130K\",\"alternateName\":\"Ortopedi ve Travmatoloji Uzman\u0131\",\"url\":\"https:\\\/\\\/www.drozgurcetik.com\\\/en\\\/\",\"logo\":{\"@type\":\"ImageObject\",\"inLanguage\":\"en-US\",\"@id\":\"https:\\\/\\\/www.drozgurcetik.com\\\/en\\\/#\\\/schema\\\/logo\\\/image\\\/\",\"url\":\"https:\\\/\\\/www.drozgurcetik.com\\\/wp-content\\\/uploads\\\/cropped-prof.dr-ozgur-cetik.jpg\",\"contentUrl\":\"https:\\\/\\\/www.drozgurcetik.com\\\/wp-content\\\/uploads\\\/cropped-prof.dr-ozgur-cetik.jpg\",\"width\":512,\"height\":512,\"caption\":\"Prof. Dr. \u00d6zg\u00fcr \u00c7ET\u0130K\"},\"image\":{\"@id\":\"https:\\\/\\\/www.drozgurcetik.com\\\/en\\\/#\\\/schema\\\/logo\\\/image\\\/\"},\"sameAs\":[\"https:\\\/\\\/www.facebook.com\\\/drozgurcetik\",\"https:\\\/\\\/x.com\\\/PrfDrOzgurCetik\"]}]}<\/script>\n<!-- \/ Yoast SEO plugin. -->","yoast_head_json":{"title":"[:tr]\u00d6zge\u00e7mi\u015f[:en]\u00d6zge\u00e7mi\u015f[:ar]\u0633\u064a\u0631\u0629 \u0630\u0627\u062a\u064a\u0629[:kd]\u0695\u0627\u0628\u0631\u062f\u0648\u0648[:] - Prof. Dr. &Ouml;zg&uuml;r &Ccedil;ET\u0130K","robots":{"index":"index","follow":"follow","max-snippet":"max-snippet:-1","max-image-preview":"max-image-preview:large","max-video-preview":"max-video-preview:-1"},"canonical":"https:\/\/www.drozgurcetik.com\/ozgecmis\/","og_locale":"en_US","og_type":"article","og_title":"[:tr]\u00d6zge\u00e7mi\u015f[:en]\u00d6zge\u00e7mi\u015f[:ar]\u0633\u064a\u0631\u0629 \u0630\u0627\u062a\u064a\u0629[:kd]\u0695\u0627\u0628\u0631\u062f\u0648\u0648[:] - Prof. Dr. &Ouml;zg&uuml;r &Ccedil;ET\u0130K","og_description":"CURRICULUM VITAE Ozgur Cetik, M.D. Date of Birth: December 20, 1973 Place of Birth: Giresun, TURKEY Marital Status: Married Education and career: 1989 &#8211; 1995 : Istanbul University,\u00a0Medical School, Turkey (MD) Orthopedics Specialist Training: 1996 \u2013 2000 : Istanbul University, Medical School Department of Orthopedics and Traumatology, Turkey Asistant Professor:\u00a02002-2007: Kirikkale University, School of Medicine,...","og_url":"https:\/\/www.drozgurcetik.com\/ozgecmis\/","og_site_name":"Prof. Dr. &Ouml;zg&uuml;r &Ccedil;ET\u0130K","article_publisher":"https:\/\/www.facebook.com\/drozgurcetik","article_modified_time":"2016-07-17T20:39:36+00:00","og_image":[{"url":"http:\/\/www.drozgurcetik.com\/wp-content\/uploads\/2015\/01\/Ozgur.Cetik_resim-199x300.jpg","type":"","width":"","height":""}],"twitter_card":"summary_large_image","twitter_site":"@PrfDrOzgurCetik","twitter_misc":{"Est. reading time":"2 minutes"},"schema":{"@context":"https:\/\/schema.org","@graph":[{"@type":"WebPage","@id":"https:\/\/www.drozgurcetik.com\/ozgecmis\/","url":"https:\/\/www.drozgurcetik.com\/ozgecmis\/","name":"[:tr]\u00d6zge\u00e7mi\u015f[:en]\u00d6zge\u00e7mi\u015f[:ar]\u0633\u064a\u0631\u0629 \u0630\u0627\u062a\u064a\u0629[:kd]\u0695\u0627\u0628\u0631\u062f\u0648\u0648[:] - Prof. Dr. &Ouml;zg&uuml;r &Ccedil;ET\u0130K","isPartOf":{"@id":"https:\/\/www.drozgurcetik.com\/en\/#website"},"primaryImageOfPage":{"@id":"https:\/\/www.drozgurcetik.com\/ozgecmis\/#primaryimage"},"image":{"@id":"https:\/\/www.drozgurcetik.com\/ozgecmis\/#primaryimage"},"thumbnailUrl":"http:\/\/www.drozgurcetik.com\/wp-content\/uploads\/2015\/01\/Ozgur.Cetik_resim-199x300.jpg","datePublished":"2015-01-31T00:00:59+00:00","dateModified":"2016-07-17T20:39:36+00:00","breadcrumb":{"@id":"https:\/\/www.drozgurcetik.com\/ozgecmis\/#breadcrumb"},"inLanguage":"en-US","potentialAction":[{"@type":"ReadAction","target":["https:\/\/www.drozgurcetik.com\/ozgecmis\/"]}]},{"@type":"ImageObject","inLanguage":"en-US","@id":"https:\/\/www.drozgurcetik.com\/ozgecmis\/#primaryimage","url":"http:\/\/www.drozgurcetik.com\/wp-content\/uploads\/2015\/01\/Ozgur.Cetik_resim-199x300.jpg","contentUrl":"http:\/\/www.drozgurcetik.com\/wp-content\/uploads\/2015\/01\/Ozgur.Cetik_resim-199x300.jpg"},{"@type":"BreadcrumbList","@id":"https:\/\/www.drozgurcetik.com\/ozgecmis\/#breadcrumb","itemListElement":[{"@type":"ListItem","position":1,"name":"Anasayfa","item":"https:\/\/www.drozgurcetik.com\/en\/"},{"@type":"ListItem","position":2,"name":"\u00d6zge\u00e7mi\u015f"}]},{"@type":"WebSite","@id":"https:\/\/www.drozgurcetik.com\/en\/#website","url":"https:\/\/www.drozgurcetik.com\/en\/","name":"Prof. Dr. \u00d6zg\u00fcr \u00c7ET\u0130K","description":"Orthopedics and Traumatology","publisher":{"@id":"https:\/\/www.drozgurcetik.com\/en\/#organization"},"alternateName":"Ortopedi ve Travmatoloji Uzman\u0131","potentialAction":[{"@type":"SearchAction","target":{"@type":"EntryPoint","urlTemplate":"https:\/\/www.drozgurcetik.com\/en\/?s={search_term_string}"},"query-input":{"@type":"PropertyValueSpecification","valueRequired":true,"valueName":"search_term_string"}}],"inLanguage":"en-US"},{"@type":"Organization","@id":"https:\/\/www.drozgurcetik.com\/en\/#organization","name":"Prof. Dr. \u00d6zg\u00fcr \u00c7ET\u0130K","alternateName":"Ortopedi ve Travmatoloji Uzman\u0131","url":"https:\/\/www.drozgurcetik.com\/en\/","logo":{"@type":"ImageObject","inLanguage":"en-US","@id":"https:\/\/www.drozgurcetik.com\/en\/#\/schema\/logo\/image\/","url":"https:\/\/www.drozgurcetik.com\/wp-content\/uploads\/cropped-prof.dr-ozgur-cetik.jpg","contentUrl":"https:\/\/www.drozgurcetik.com\/wp-content\/uploads\/cropped-prof.dr-ozgur-cetik.jpg","width":512,"height":512,"caption":"Prof. Dr. \u00d6zg\u00fcr \u00c7ET\u0130K"},"image":{"@id":"https:\/\/www.drozgurcetik.com\/en\/#\/schema\/logo\/image\/"},"sameAs":["https:\/\/www.facebook.com\/drozgurcetik","https:\/\/x.com\/PrfDrOzgurCetik"]}]}},"_links":{"self":[{"href":"https:\/\/www.drozgurcetik.com\/en\/wp-json\/wp\/v2\/pages\/11","targetHints":{"allow":["GET"]}}],"collection":[{"href":"https:\/\/www.drozgurcetik.com\/en\/wp-json\/wp\/v2\/pages"}],"about":[{"href":"https:\/\/www.drozgurcetik.com\/en\/wp-json\/wp\/v2\/types\/page"}],"author":[{"embeddable":true,"href":"https:\/\/www.drozgurcetik.com\/en\/wp-json\/wp\/v2\/users\/1"}],"replies":[{"embeddable":true,"href":"https:\/\/www.drozgurcetik.com\/en\/wp-json\/wp\/v2\/comments?post=11"}],"version-history":[{"count":44,"href":"https:\/\/www.drozgurcetik.com\/en\/wp-json\/wp\/v2\/pages\/11\/revisions"}],"predecessor-version":[{"id":1010,"href":"https:\/\/www.drozgurcetik.com\/en\/wp-json\/wp\/v2\/pages\/11\/revisions\/1010"}],"wp:attachment":[{"href":"https:\/\/www.drozgurcetik.com\/en\/wp-json\/wp\/v2\/media?parent=11"}],"curies":[{"name":"wp","href":"https:\/\/api.w.org\/{rel}","templated":true}]}}