{"id":22,"date":"2015-01-31T02:09:44","date_gmt":"2015-01-31T00:09:44","guid":{"rendered":"http:\/\/www.drozgurcetik.com\/?page_id=22"},"modified":"2015-10-21T16:52:49","modified_gmt":"2015-10-21T13:52:49","slug":"bize-ulasin","status":"publish","type":"page","link":"https:\/\/www.drozgurcetik.com\/en\/bize-ulasin\/","title":{"rendered":"Contact Us"},"content":{"rendered":"<p><\/p>\n<table style=\"height: 305px;\" width=\"629\">\n<tbody>\n<tr>\n<td style=\"text-align: left;\"><strong>\u00a0Prof. Dr. \u00d6ZG\u00dcR \u00c7ET\u0130K<br \/>\n<\/strong>Orthopedics and Traumatology<br \/>\nAnswers your questions &#8230;<\/td>\n<\/tr>\n<tr>\n<td>\u00a0\n<div class=\"wpcf7 no-js\" id=\"wpcf7-f542-o2\" lang=\"tr-TR\" dir=\"ltr\" data-wpcf7-id=\"542\">\n<div class=\"screen-reader-response\"><p role=\"status\" aria-live=\"polite\" aria-atomic=\"true\"><\/p> <ul><\/ul><\/div>\n<form action=\"\/en\/wp-json\/wp\/v2\/pages\/22#wpcf7-f542-o2\" method=\"post\" class=\"wpcf7-form init\" aria-label=\"\u0130leti\u015fim Formu\" novalidate=\"novalidate\" data-status=\"init\">\n<fieldset class=\"hidden-fields-container\"><input type=\"hidden\" name=\"_wpcf7\" value=\"542\" \/><input type=\"hidden\" name=\"_wpcf7_version\" value=\"6.1.5\" \/><input type=\"hidden\" name=\"_wpcf7_locale\" value=\"tr_TR\" \/><input type=\"hidden\" name=\"_wpcf7_unit_tag\" value=\"wpcf7-f542-o2\" \/><input type=\"hidden\" name=\"_wpcf7_container_post\" value=\"0\" \/><input type=\"hidden\" name=\"_wpcf7_posted_data_hash\" value=\"\" \/>\n<\/fieldset>\n<p>Ad\u0131n\u0131z (gerekli)\n<\/p>\n<p><span class=\"wpcf7-form-control-wrap\" data-name=\"your-name\"><input size=\"40\" maxlength=\"400\" class=\"wpcf7-form-control wpcf7-text wpcf7-validates-as-required\" aria-required=\"true\" aria-invalid=\"false\" value=\"\" type=\"text\" name=\"your-name\" \/><\/span>\n<\/p>\n<p>Epostan\u0131z (gerekli)\n<\/p>\n<p><span class=\"wpcf7-form-control-wrap\" data-name=\"your-email\"><input size=\"40\" maxlength=\"400\" class=\"wpcf7-form-control wpcf7-email wpcf7-validates-as-required wpcf7-text wpcf7-validates-as-email\" aria-required=\"true\" aria-invalid=\"false\" value=\"\" type=\"email\" name=\"your-email\" \/><\/span>\n<\/p>\n<p>Konu\n<\/p>\n<p><span class=\"wpcf7-form-control-wrap\" data-name=\"your-subject\"><input size=\"40\" maxlength=\"400\" class=\"wpcf7-form-control wpcf7-text\" aria-invalid=\"false\" value=\"\" type=\"text\" name=\"your-subject\" \/><\/span>\n<\/p>\n<p>\u0130letiniz\n<\/p>\n<p><span class=\"wpcf7-form-control-wrap\" data-name=\"your-message\"><textarea cols=\"40\" rows=\"10\" maxlength=\"2000\" class=\"wpcf7-form-control wpcf7-textarea\" aria-invalid=\"false\" name=\"your-message\"><\/textarea><\/span>\n<\/p>\n<p><input class=\"wpcf7-form-control wpcf7-submit has-spinner\" type=\"submit\" value=\"G\u00f6nder\" \/>\n<\/p><div class=\"wpcf7-response-output\" aria-hidden=\"true\"><\/div>\n<\/form>\n<\/div>\n<\/td>\n<\/tr>\n<\/tbody>\n<\/table>\n<p><\/p>\n<!-- AddThis Advanced Settings generic via filter on the_content --><!-- AddThis Share Buttons generic via filter on the_content -->","protected":false},"excerpt":{"rendered":"<p>\u00a0Prof. Dr. \u00d6ZG\u00dcR \u00c7ET\u0130K Orthopedics and Traumatology Answers your questions &#8230; \u00a0<!-- AddThis Advanced Settings generic via filter on get_the_excerpt --><!-- AddThis Share Buttons generic via filter on get_the_excerpt --><\/p>\n","protected":false},"author":1,"featured_media":0,"parent":0,"menu_order":0,"comment_status":"closed","ping_status":"closed","template":"","meta":{"ngg_post_thumbnail":0,"footnotes":""},"class_list":["post-22","page","type-page","status-publish","hentry","no-featured-image","page-entry","loop-entry clr"],"yoast_head":"<!-- This site is optimized with the Yoast SEO plugin v27.5 - https:\/\/yoast.com\/product\/yoast-seo-wordpress\/ -->\n<title>Contact Us - Prof. Dr. &Ouml;zg&uuml;r &Ccedil;ET\u0130K<\/title>\n<meta name=\"robots\" content=\"index, follow, max-snippet:-1, max-image-preview:large, max-video-preview:-1\" \/>\n<link rel=\"canonical\" href=\"https:\/\/www.drozgurcetik.com\/bize-ulasin\/\" \/>\n<meta property=\"og:locale\" content=\"en_US\" \/>\n<meta property=\"og:type\" content=\"article\" \/>\n<meta property=\"og:title\" content=\"[:tr]Bize Ula\u015f\u0131n[:en]Contact Us[:ar]\u0627\u0644\u0627\u062a\u0635\u0627\u0644 \u0628\u0646\u0627[:kd]\u062f\u06cc\u062f\u06d5\u0646[:] - Prof. Dr. &Ouml;zg&uuml;r &Ccedil;ET\u0130K\" \/>\n<meta property=\"og:description\" content=\"\u00a0Prof. Dr. \u00d6ZG\u00dcR \u00c7ET\u0130K Orthopedics and Traumatology Answers your questions &#8230; \u00a0\" \/>\n<meta property=\"og:url\" content=\"https:\/\/www.drozgurcetik.com\/bize-ulasin\/\" \/>\n<meta property=\"og:site_name\" content=\"Prof. Dr. &Ouml;zg&uuml;r &Ccedil;ET\u0130K\" \/>\n<meta property=\"article:publisher\" content=\"https:\/\/www.facebook.com\/drozgurcetik\" \/>\n<meta property=\"article:modified_time\" content=\"2015-10-21T13:52:49+00:00\" \/>\n<meta property=\"og:image\" content=\"https:\/\/www.drozgurcetik.com\/wp-content\/uploads\/drozgurcetik_site.png\" \/>\n\t<meta property=\"og:image:width\" content=\"970\" \/>\n\t<meta property=\"og:image:height\" content=\"839\" \/>\n\t<meta property=\"og:image:type\" content=\"image\/png\" \/>\n<meta name=\"twitter:card\" content=\"summary_large_image\" \/>\n<meta name=\"twitter:site\" content=\"@PrfDrOzgurCetik\" \/>\n<meta name=\"twitter:label1\" content=\"Est. reading time\" \/>\n\t<meta name=\"twitter:data1\" content=\"1 minute\" \/>\n<script type=\"application\/ld+json\" class=\"yoast-schema-graph\">{\"@context\":\"https:\\\/\\\/schema.org\",\"@graph\":[{\"@type\":\"WebPage\",\"@id\":\"https:\\\/\\\/www.drozgurcetik.com\\\/bize-ulasin\\\/\",\"url\":\"https:\\\/\\\/www.drozgurcetik.com\\\/bize-ulasin\\\/\",\"name\":\"[:tr]Bize Ula\u015f\u0131n[:en]Contact Us[:ar]\u0627\u0644\u0627\u062a\u0635\u0627\u0644 \u0628\u0646\u0627[:kd]\u062f\u06cc\u062f\u06d5\u0646[:] - Prof. Dr. &Ouml;zg&uuml;r &Ccedil;ET\u0130K\",\"isPartOf\":{\"@id\":\"https:\\\/\\\/www.drozgurcetik.com\\\/en\\\/#website\"},\"datePublished\":\"2015-01-31T00:09:44+00:00\",\"dateModified\":\"2015-10-21T13:52:49+00:00\",\"breadcrumb\":{\"@id\":\"https:\\\/\\\/www.drozgurcetik.com\\\/bize-ulasin\\\/#breadcrumb\"},\"inLanguage\":\"en-US\",\"potentialAction\":[{\"@type\":\"ReadAction\",\"target\":[\"https:\\\/\\\/www.drozgurcetik.com\\\/bize-ulasin\\\/\"]}]},{\"@type\":\"BreadcrumbList\",\"@id\":\"https:\\\/\\\/www.drozgurcetik.com\\\/bize-ulasin\\\/#breadcrumb\",\"itemListElement\":[{\"@type\":\"ListItem\",\"position\":1,\"name\":\"Anasayfa\",\"item\":\"https:\\\/\\\/www.drozgurcetik.com\\\/en\\\/\"},{\"@type\":\"ListItem\",\"position\":2,\"name\":\"Bize Ula\u015f\u0131n\"}]},{\"@type\":\"WebSite\",\"@id\":\"https:\\\/\\\/www.drozgurcetik.com\\\/en\\\/#website\",\"url\":\"https:\\\/\\\/www.drozgurcetik.com\\\/en\\\/\",\"name\":\"Prof. Dr. \u00d6zg\u00fcr \u00c7ET\u0130K\",\"description\":\"Orthopedics and Traumatology\",\"publisher\":{\"@id\":\"https:\\\/\\\/www.drozgurcetik.com\\\/en\\\/#organization\"},\"alternateName\":\"Ortopedi ve Travmatoloji Uzman\u0131\",\"potentialAction\":[{\"@type\":\"SearchAction\",\"target\":{\"@type\":\"EntryPoint\",\"urlTemplate\":\"https:\\\/\\\/www.drozgurcetik.com\\\/en\\\/?s={search_term_string}\"},\"query-input\":{\"@type\":\"PropertyValueSpecification\",\"valueRequired\":true,\"valueName\":\"search_term_string\"}}],\"inLanguage\":\"en-US\"},{\"@type\":\"Organization\",\"@id\":\"https:\\\/\\\/www.drozgurcetik.com\\\/en\\\/#organization\",\"name\":\"Prof. Dr. \u00d6zg\u00fcr \u00c7ET\u0130K\",\"alternateName\":\"Ortopedi ve Travmatoloji Uzman\u0131\",\"url\":\"https:\\\/\\\/www.drozgurcetik.com\\\/en\\\/\",\"logo\":{\"@type\":\"ImageObject\",\"inLanguage\":\"en-US\",\"@id\":\"https:\\\/\\\/www.drozgurcetik.com\\\/en\\\/#\\\/schema\\\/logo\\\/image\\\/\",\"url\":\"https:\\\/\\\/www.drozgurcetik.com\\\/wp-content\\\/uploads\\\/cropped-prof.dr-ozgur-cetik.jpg\",\"contentUrl\":\"https:\\\/\\\/www.drozgurcetik.com\\\/wp-content\\\/uploads\\\/cropped-prof.dr-ozgur-cetik.jpg\",\"width\":512,\"height\":512,\"caption\":\"Prof. Dr. \u00d6zg\u00fcr \u00c7ET\u0130K\"},\"image\":{\"@id\":\"https:\\\/\\\/www.drozgurcetik.com\\\/en\\\/#\\\/schema\\\/logo\\\/image\\\/\"},\"sameAs\":[\"https:\\\/\\\/www.facebook.com\\\/drozgurcetik\",\"https:\\\/\\\/x.com\\\/PrfDrOzgurCetik\"]}]}<\/script>\n<!-- \/ Yoast SEO plugin. -->","yoast_head_json":{"title":"[:tr]Bize Ula\u015f\u0131n[:en]Contact Us[:ar]\u0627\u0644\u0627\u062a\u0635\u0627\u0644 \u0628\u0646\u0627[:kd]\u062f\u06cc\u062f\u06d5\u0646[:] - Prof. Dr. &Ouml;zg&uuml;r &Ccedil;ET\u0130K","robots":{"index":"index","follow":"follow","max-snippet":"max-snippet:-1","max-image-preview":"max-image-preview:large","max-video-preview":"max-video-preview:-1"},"canonical":"https:\/\/www.drozgurcetik.com\/bize-ulasin\/","og_locale":"en_US","og_type":"article","og_title":"[:tr]Bize Ula\u015f\u0131n[:en]Contact Us[:ar]\u0627\u0644\u0627\u062a\u0635\u0627\u0644 \u0628\u0646\u0627[:kd]\u062f\u06cc\u062f\u06d5\u0646[:] - Prof. Dr. &Ouml;zg&uuml;r &Ccedil;ET\u0130K","og_description":"\u00a0Prof. Dr. \u00d6ZG\u00dcR \u00c7ET\u0130K Orthopedics and Traumatology Answers your questions &#8230; \u00a0","og_url":"https:\/\/www.drozgurcetik.com\/bize-ulasin\/","og_site_name":"Prof. Dr. &Ouml;zg&uuml;r &Ccedil;ET\u0130K","article_publisher":"https:\/\/www.facebook.com\/drozgurcetik","article_modified_time":"2015-10-21T13:52:49+00:00","og_image":[{"width":970,"height":839,"url":"https:\/\/www.drozgurcetik.com\/wp-content\/uploads\/drozgurcetik_site.png","type":"image\/png"}],"twitter_card":"summary_large_image","twitter_site":"@PrfDrOzgurCetik","twitter_misc":{"Est. reading time":"1 minute"},"schema":{"@context":"https:\/\/schema.org","@graph":[{"@type":"WebPage","@id":"https:\/\/www.drozgurcetik.com\/bize-ulasin\/","url":"https:\/\/www.drozgurcetik.com\/bize-ulasin\/","name":"[:tr]Bize Ula\u015f\u0131n[:en]Contact Us[:ar]\u0627\u0644\u0627\u062a\u0635\u0627\u0644 \u0628\u0646\u0627[:kd]\u062f\u06cc\u062f\u06d5\u0646[:] - Prof. Dr. &Ouml;zg&uuml;r &Ccedil;ET\u0130K","isPartOf":{"@id":"https:\/\/www.drozgurcetik.com\/en\/#website"},"datePublished":"2015-01-31T00:09:44+00:00","dateModified":"2015-10-21T13:52:49+00:00","breadcrumb":{"@id":"https:\/\/www.drozgurcetik.com\/bize-ulasin\/#breadcrumb"},"inLanguage":"en-US","potentialAction":[{"@type":"ReadAction","target":["https:\/\/www.drozgurcetik.com\/bize-ulasin\/"]}]},{"@type":"BreadcrumbList","@id":"https:\/\/www.drozgurcetik.com\/bize-ulasin\/#breadcrumb","itemListElement":[{"@type":"ListItem","position":1,"name":"Anasayfa","item":"https:\/\/www.drozgurcetik.com\/en\/"},{"@type":"ListItem","position":2,"name":"Bize Ula\u015f\u0131n"}]},{"@type":"WebSite","@id":"https:\/\/www.drozgurcetik.com\/en\/#website","url":"https:\/\/www.drozgurcetik.com\/en\/","name":"Prof. Dr. \u00d6zg\u00fcr \u00c7ET\u0130K","description":"Orthopedics and Traumatology","publisher":{"@id":"https:\/\/www.drozgurcetik.com\/en\/#organization"},"alternateName":"Ortopedi ve Travmatoloji Uzman\u0131","potentialAction":[{"@type":"SearchAction","target":{"@type":"EntryPoint","urlTemplate":"https:\/\/www.drozgurcetik.com\/en\/?s={search_term_string}"},"query-input":{"@type":"PropertyValueSpecification","valueRequired":true,"valueName":"search_term_string"}}],"inLanguage":"en-US"},{"@type":"Organization","@id":"https:\/\/www.drozgurcetik.com\/en\/#organization","name":"Prof. Dr. \u00d6zg\u00fcr \u00c7ET\u0130K","alternateName":"Ortopedi ve Travmatoloji Uzman\u0131","url":"https:\/\/www.drozgurcetik.com\/en\/","logo":{"@type":"ImageObject","inLanguage":"en-US","@id":"https:\/\/www.drozgurcetik.com\/en\/#\/schema\/logo\/image\/","url":"https:\/\/www.drozgurcetik.com\/wp-content\/uploads\/cropped-prof.dr-ozgur-cetik.jpg","contentUrl":"https:\/\/www.drozgurcetik.com\/wp-content\/uploads\/cropped-prof.dr-ozgur-cetik.jpg","width":512,"height":512,"caption":"Prof. Dr. \u00d6zg\u00fcr \u00c7ET\u0130K"},"image":{"@id":"https:\/\/www.drozgurcetik.com\/en\/#\/schema\/logo\/image\/"},"sameAs":["https:\/\/www.facebook.com\/drozgurcetik","https:\/\/x.com\/PrfDrOzgurCetik"]}]}},"_links":{"self":[{"href":"https:\/\/www.drozgurcetik.com\/en\/wp-json\/wp\/v2\/pages\/22","targetHints":{"allow":["GET"]}}],"collection":[{"href":"https:\/\/www.drozgurcetik.com\/en\/wp-json\/wp\/v2\/pages"}],"about":[{"href":"https:\/\/www.drozgurcetik.com\/en\/wp-json\/wp\/v2\/types\/page"}],"author":[{"embeddable":true,"href":"https:\/\/www.drozgurcetik.com\/en\/wp-json\/wp\/v2\/users\/1"}],"replies":[{"embeddable":true,"href":"https:\/\/www.drozgurcetik.com\/en\/wp-json\/wp\/v2\/comments?post=22"}],"version-history":[{"count":67,"href":"https:\/\/www.drozgurcetik.com\/en\/wp-json\/wp\/v2\/pages\/22\/revisions"}],"predecessor-version":[{"id":826,"href":"https:\/\/www.drozgurcetik.com\/en\/wp-json\/wp\/v2\/pages\/22\/revisions\/826"}],"wp:attachment":[{"href":"https:\/\/www.drozgurcetik.com\/en\/wp-json\/wp\/v2\/media?parent=22"}],"curies":[{"name":"wp","href":"https:\/\/api.w.org\/{rel}","templated":true}]}}