{"id":429,"date":"2015-02-08T23:36:17","date_gmt":"2015-02-08T21:36:17","guid":{"rendered":"http:\/\/www.drozgurcetik.com\/?page_id=429"},"modified":"2015-09-27T22:26:16","modified_gmt":"2015-09-27T19:26:16","slug":"yasal-uyari","status":"publish","type":"page","link":"https:\/\/www.drozgurcetik.com\/en\/yasal-uyari\/","title":{"rendered":"(Turkish) Yasal Uyar\u0131"},"content":{"rendered":"<p class=\"qtranxs-available-languages-message qtranxs-available-languages-message-en\">Sorry, this entry is only available in <a href=\"https:\/\/www.drozgurcetik.com\/tr\/wp-json\/wp\/v2\/pages\/429\" class=\"qtranxs-available-language-link qtranxs-available-language-link-tr\" title=\"Turkish\">Turkish<\/a>.<\/p>","protected":false},"excerpt":{"rendered":"<p>Sorry, this entry is only available in Turkish.<!-- AddThis Advanced Settings generic via filter on get_the_excerpt --><!-- AddThis Share Buttons generic via filter on get_the_excerpt --><\/p>\n","protected":false},"author":1,"featured_media":0,"parent":0,"menu_order":0,"comment_status":"closed","ping_status":"closed","template":"","meta":{"ngg_post_thumbnail":0,"footnotes":""},"class_list":["post-429","page","type-page","status-publish","hentry","no-featured-image","page-entry","loop-entry clr"],"yoast_head":"<!-- This site is optimized with the Yoast SEO plugin v27.5 - https:\/\/yoast.com\/product\/yoast-seo-wordpress\/ -->\n<title><\/title>\n<meta name=\"robots\" content=\"index, follow, max-snippet:-1, max-image-preview:large, max-video-preview:-1\" \/>\n<link rel=\"canonical\" href=\"https:\/\/www.drozgurcetik.com\/yasal-uyari\/\" \/>\n<meta property=\"og:locale\" content=\"en_US\" \/>\n<meta property=\"og:type\" content=\"article\" \/>\n<meta property=\"og:title\" content=\"[:tr]Yasal Uyar\u0131[:] - Prof. Dr. &Ouml;zg&uuml;r &Ccedil;ET\u0130K\" \/>\n<meta property=\"og:description\" content=\"Sorry, this entry is only available in Turkish.\" \/>\n<meta property=\"og:url\" content=\"https:\/\/www.drozgurcetik.com\/yasal-uyari\/\" \/>\n<meta property=\"og:site_name\" content=\"Prof. Dr. &Ouml;zg&uuml;r &Ccedil;ET\u0130K\" \/>\n<meta property=\"article:publisher\" content=\"https:\/\/www.facebook.com\/drozgurcetik\" \/>\n<meta property=\"article:modified_time\" content=\"2015-09-27T19:26:16+00:00\" \/>\n<meta property=\"og:image\" content=\"https:\/\/www.drozgurcetik.com\/wp-content\/uploads\/drozgurcetik_site.png\" \/>\n\t<meta property=\"og:image:width\" content=\"970\" \/>\n\t<meta property=\"og:image:height\" content=\"839\" \/>\n\t<meta property=\"og:image:type\" content=\"image\/png\" \/>\n<meta name=\"twitter:card\" content=\"summary_large_image\" \/>\n<meta name=\"twitter:site\" content=\"@PrfDrOzgurCetik\" \/>\n<meta name=\"twitter:label1\" content=\"Est. reading time\" \/>\n\t<meta name=\"twitter:data1\" content=\"1 minute\" \/>\n<script type=\"application\/ld+json\" class=\"yoast-schema-graph\">{\"@context\":\"https:\\\/\\\/schema.org\",\"@graph\":[{\"@type\":\"WebPage\",\"@id\":\"https:\\\/\\\/www.drozgurcetik.com\\\/yasal-uyari\\\/\",\"url\":\"https:\\\/\\\/www.drozgurcetik.com\\\/yasal-uyari\\\/\",\"name\":\"[:tr]Yasal Uyar\u0131[:] - Prof. Dr. &Ouml;zg&uuml;r &Ccedil;ET\u0130K\",\"isPartOf\":{\"@id\":\"https:\\\/\\\/www.drozgurcetik.com\\\/en\\\/#website\"},\"datePublished\":\"2015-02-08T21:36:17+00:00\",\"dateModified\":\"2015-09-27T19:26:16+00:00\",\"breadcrumb\":{\"@id\":\"https:\\\/\\\/www.drozgurcetik.com\\\/yasal-uyari\\\/#breadcrumb\"},\"inLanguage\":\"en-US\",\"potentialAction\":[{\"@type\":\"ReadAction\",\"target\":[\"https:\\\/\\\/www.drozgurcetik.com\\\/yasal-uyari\\\/\"]}]},{\"@type\":\"BreadcrumbList\",\"@id\":\"https:\\\/\\\/www.drozgurcetik.com\\\/yasal-uyari\\\/#breadcrumb\",\"itemListElement\":[{\"@type\":\"ListItem\",\"position\":1,\"name\":\"Anasayfa\",\"item\":\"https:\\\/\\\/www.drozgurcetik.com\\\/en\\\/\"},{\"@type\":\"ListItem\",\"position\":2,\"name\":\"Yasal Uyar\u0131\"}]},{\"@type\":\"WebSite\",\"@id\":\"https:\\\/\\\/www.drozgurcetik.com\\\/en\\\/#website\",\"url\":\"https:\\\/\\\/www.drozgurcetik.com\\\/en\\\/\",\"name\":\"Prof. Dr. \u00d6zg\u00fcr \u00c7ET\u0130K\",\"description\":\"Orthopedics and Traumatology\",\"publisher\":{\"@id\":\"https:\\\/\\\/www.drozgurcetik.com\\\/en\\\/#organization\"},\"alternateName\":\"Ortopedi ve Travmatoloji Uzman\u0131\",\"potentialAction\":[{\"@type\":\"SearchAction\",\"target\":{\"@type\":\"EntryPoint\",\"urlTemplate\":\"https:\\\/\\\/www.drozgurcetik.com\\\/en\\\/?s={search_term_string}\"},\"query-input\":{\"@type\":\"PropertyValueSpecification\",\"valueRequired\":true,\"valueName\":\"search_term_string\"}}],\"inLanguage\":\"en-US\"},{\"@type\":\"Organization\",\"@id\":\"https:\\\/\\\/www.drozgurcetik.com\\\/en\\\/#organization\",\"name\":\"Prof. Dr. \u00d6zg\u00fcr \u00c7ET\u0130K\",\"alternateName\":\"Ortopedi ve Travmatoloji Uzman\u0131\",\"url\":\"https:\\\/\\\/www.drozgurcetik.com\\\/en\\\/\",\"logo\":{\"@type\":\"ImageObject\",\"inLanguage\":\"en-US\",\"@id\":\"https:\\\/\\\/www.drozgurcetik.com\\\/en\\\/#\\\/schema\\\/logo\\\/image\\\/\",\"url\":\"https:\\\/\\\/www.drozgurcetik.com\\\/wp-content\\\/uploads\\\/cropped-prof.dr-ozgur-cetik.jpg\",\"contentUrl\":\"https:\\\/\\\/www.drozgurcetik.com\\\/wp-content\\\/uploads\\\/cropped-prof.dr-ozgur-cetik.jpg\",\"width\":512,\"height\":512,\"caption\":\"Prof. Dr. \u00d6zg\u00fcr \u00c7ET\u0130K\"},\"image\":{\"@id\":\"https:\\\/\\\/www.drozgurcetik.com\\\/en\\\/#\\\/schema\\\/logo\\\/image\\\/\"},\"sameAs\":[\"https:\\\/\\\/www.facebook.com\\\/drozgurcetik\",\"https:\\\/\\\/x.com\\\/PrfDrOzgurCetik\"]}]}<\/script>\n<!-- \/ Yoast SEO plugin. -->","yoast_head_json":{"title":"[:tr]Yasal Uyar\u0131[:] - Prof. Dr. &Ouml;zg&uuml;r &Ccedil;ET\u0130K","robots":{"index":"index","follow":"follow","max-snippet":"max-snippet:-1","max-image-preview":"max-image-preview:large","max-video-preview":"max-video-preview:-1"},"canonical":"https:\/\/www.drozgurcetik.com\/yasal-uyari\/","og_locale":"en_US","og_type":"article","og_title":"[:tr]Yasal Uyar\u0131[:] - Prof. Dr. &Ouml;zg&uuml;r &Ccedil;ET\u0130K","og_description":"Sorry, this entry is only available in Turkish.","og_url":"https:\/\/www.drozgurcetik.com\/yasal-uyari\/","og_site_name":"Prof. Dr. &Ouml;zg&uuml;r &Ccedil;ET\u0130K","article_publisher":"https:\/\/www.facebook.com\/drozgurcetik","article_modified_time":"2015-09-27T19:26:16+00:00","og_image":[{"width":970,"height":839,"url":"https:\/\/www.drozgurcetik.com\/wp-content\/uploads\/drozgurcetik_site.png","type":"image\/png"}],"twitter_card":"summary_large_image","twitter_site":"@PrfDrOzgurCetik","twitter_misc":{"Est. reading time":"1 minute"},"schema":{"@context":"https:\/\/schema.org","@graph":[{"@type":"WebPage","@id":"https:\/\/www.drozgurcetik.com\/yasal-uyari\/","url":"https:\/\/www.drozgurcetik.com\/yasal-uyari\/","name":"[:tr]Yasal Uyar\u0131[:] - Prof. Dr. &Ouml;zg&uuml;r &Ccedil;ET\u0130K","isPartOf":{"@id":"https:\/\/www.drozgurcetik.com\/en\/#website"},"datePublished":"2015-02-08T21:36:17+00:00","dateModified":"2015-09-27T19:26:16+00:00","breadcrumb":{"@id":"https:\/\/www.drozgurcetik.com\/yasal-uyari\/#breadcrumb"},"inLanguage":"en-US","potentialAction":[{"@type":"ReadAction","target":["https:\/\/www.drozgurcetik.com\/yasal-uyari\/"]}]},{"@type":"BreadcrumbList","@id":"https:\/\/www.drozgurcetik.com\/yasal-uyari\/#breadcrumb","itemListElement":[{"@type":"ListItem","position":1,"name":"Anasayfa","item":"https:\/\/www.drozgurcetik.com\/en\/"},{"@type":"ListItem","position":2,"name":"Yasal Uyar\u0131"}]},{"@type":"WebSite","@id":"https:\/\/www.drozgurcetik.com\/en\/#website","url":"https:\/\/www.drozgurcetik.com\/en\/","name":"Prof. Dr. \u00d6zg\u00fcr \u00c7ET\u0130K","description":"Orthopedics and Traumatology","publisher":{"@id":"https:\/\/www.drozgurcetik.com\/en\/#organization"},"alternateName":"Ortopedi ve Travmatoloji Uzman\u0131","potentialAction":[{"@type":"SearchAction","target":{"@type":"EntryPoint","urlTemplate":"https:\/\/www.drozgurcetik.com\/en\/?s={search_term_string}"},"query-input":{"@type":"PropertyValueSpecification","valueRequired":true,"valueName":"search_term_string"}}],"inLanguage":"en-US"},{"@type":"Organization","@id":"https:\/\/www.drozgurcetik.com\/en\/#organization","name":"Prof. Dr. \u00d6zg\u00fcr \u00c7ET\u0130K","alternateName":"Ortopedi ve Travmatoloji Uzman\u0131","url":"https:\/\/www.drozgurcetik.com\/en\/","logo":{"@type":"ImageObject","inLanguage":"en-US","@id":"https:\/\/www.drozgurcetik.com\/en\/#\/schema\/logo\/image\/","url":"https:\/\/www.drozgurcetik.com\/wp-content\/uploads\/cropped-prof.dr-ozgur-cetik.jpg","contentUrl":"https:\/\/www.drozgurcetik.com\/wp-content\/uploads\/cropped-prof.dr-ozgur-cetik.jpg","width":512,"height":512,"caption":"Prof. Dr. \u00d6zg\u00fcr \u00c7ET\u0130K"},"image":{"@id":"https:\/\/www.drozgurcetik.com\/en\/#\/schema\/logo\/image\/"},"sameAs":["https:\/\/www.facebook.com\/drozgurcetik","https:\/\/x.com\/PrfDrOzgurCetik"]}]}},"_links":{"self":[{"href":"https:\/\/www.drozgurcetik.com\/en\/wp-json\/wp\/v2\/pages\/429","targetHints":{"allow":["GET"]}}],"collection":[{"href":"https:\/\/www.drozgurcetik.com\/en\/wp-json\/wp\/v2\/pages"}],"about":[{"href":"https:\/\/www.drozgurcetik.com\/en\/wp-json\/wp\/v2\/types\/page"}],"author":[{"embeddable":true,"href":"https:\/\/www.drozgurcetik.com\/en\/wp-json\/wp\/v2\/users\/1"}],"replies":[{"embeddable":true,"href":"https:\/\/www.drozgurcetik.com\/en\/wp-json\/wp\/v2\/comments?post=429"}],"version-history":[{"count":3,"href":"https:\/\/www.drozgurcetik.com\/en\/wp-json\/wp\/v2\/pages\/429\/revisions"}],"predecessor-version":[{"id":434,"href":"https:\/\/www.drozgurcetik.com\/en\/wp-json\/wp\/v2\/pages\/429\/revisions\/434"}],"wp:attachment":[{"href":"https:\/\/www.drozgurcetik.com\/en\/wp-json\/wp\/v2\/media?parent=429"}],"curies":[{"name":"wp","href":"https:\/\/api.w.org\/{rel}","templated":true}]}}