{"id":11,"date":"2015-01-31T02:00:59","date_gmt":"2015-01-31T00:00:59","guid":{"rendered":"http:\/\/www.drozgurcetik.com\/?page_id=11"},"modified":"2016-07-17T23:39:36","modified_gmt":"2016-07-17T20:39:36","slug":"ozgecmis","status":"publish","type":"page","link":"https:\/\/www.drozgurcetik.com\/kd\/ozgecmis\/","title":{"rendered":"\u0695\u0627\u0628\u0631\u062f\u0648\u0648"},"content":{"rendered":"<p><\/p>\n<p dir=\"rtl\">\u0695\u0627\u0628\u0631\u062f\u0648\u0648<img loading=\"lazy\" decoding=\"async\" class=\" size-medium wp-image-74 alignleft\" src=\"http:\/\/www.drozgurcetik.com\/wp-content\/uploads\/2015\/01\/Ozgur.Cetik_resim-199x300.jpg\" alt=\"Ozgur.Cetik_resim\" width=\"199\" height=\"300\" srcset=\"https:\/\/www.drozgurcetik.com\/wp-content\/uploads\/2015\/01\/Ozgur.Cetik_resim-199x300.jpg 199w, https:\/\/www.drozgurcetik.com\/wp-content\/uploads\/2015\/01\/Ozgur.Cetik_resim-680x1024.jpg 680w, https:\/\/www.drozgurcetik.com\/wp-content\/uploads\/2015\/01\/Ozgur.Cetik_resim.jpg 1424w\" sizes=\"auto, (max-width: 199px) 100vw, 199px\" \/><\/p>\n<ol dir=\"rtl\">\n<li>\u0646\u0627\u0648 \u0648 \u0646\u0627\u0632\u0646\u0627\u0648: \u0626\u06c6\u0632\u06af\u0648\u0631 \u0686\u06d5\u062a\u06cc\u0643<\/li>\n<li>\u0695\u06c6\u0698\u0649 \u0644\u06d5\u062f\u0627\u06cc\u0643\u0628\u0648\u0648\u0646: 01.01.1973<\/li>\n<li>\u0646\u0627\u0648\u0646\u06cc\u0634\u0627\u0646: \u0646\u06d5\u062e\u06c6\u0634\u062e\u0627\u0646\u06d5\u0649 \u0628\u06d5\u0643\u0631\u0643\u06c6\u0649 \u0626\u06d5\u062c\u0649 \u0628\u0627\u062f\u06d5\u0645\u0649 \u062a\u0627\u06cc\u0628\u06d5\u062a \u2013 \u0628\u06d5\u0634\u0649 \u0626\u06c6\u0631\u062a\u06c6\u067e\u06ce\u062f\u06cc\u0643 \u0648 \u062a\u0631\u0627\u0645\u0627\u062a\u06c6\u0644\u06c6\u062c\u0649 \u2013 \u0634\u06d5\u0642\u0627\u0645\u0649 \u0647\u0627\u0644\u06cc\u062a \u0632\u06cc\u0627 \u0626\u0648\u0634\u0627\u0643\u0644\u06cc \u2013 \u0698\u0645\u0627\u0631\u06d5: 1 \u0628\u06d5\u0643\u0631\u0643\u06c6\u0649 \u2013 \u0626\u06cc\u0633\u062a\u0627\u0646\u0628\u06c6\u06b5<\/li>\n<li>\u062a\u06d5\u0644\u06d5\u0641\u06c6\u0646: +90 212 414 5042<\/li>\n<\/ol>\n<p dir=\"rtl\">\u0641\u0627\u0643\u0633: +90 212 4145140<\/p>\n<ol dir=\"rtl\" start=\"5\">\n<li>\u067e\u06cc\u0634\u06d5: \u067e\u0632\u06cc\u0634\u0643<\/li>\n<li>\u062d\u0627\u06b5\u06d5\u062a\u0649 \u0628\u0695\u0648\u0627\u0646\u0627\u0645\u06d5:<\/li>\n<\/ol>\n<table width=\"598\">\n<tbody>\n<tr>\n<td width=\"132\">\u0633\u0627\u06b5<\/td>\n<td width=\"195\">\u0632\u0627\u0646\u0643\u06c6<\/td>\n<td width=\"193\">\u0628\u0648\u0627\u0631<\/td>\n<td width=\"79\">\u0628\u0695\u0648\u0627\u0646\u0627\u0645\u06d5<\/td>\n<\/tr>\n<tr>\n<td width=\"132\">1995<\/td>\n<td width=\"195\">\u0632\u0627\u0646\u0643\u06c6\u0649 \u0626\u06cc\u0633\u062a\u0627\u0646\u0628\u06c6\u06b5<\/td>\n<td width=\"193\">\u0643\u06c6\u0644\u06ce\u0698\u0649 \u067e\u0632\u06cc\u0634\u0643\u0649<\/td>\n<td width=\"79\">\u0628\u06d5\u0643\u0627\u0644\u06c6\u0631\u06cc\u06c6\u0633<\/td>\n<\/tr>\n<tr>\n<td width=\"132\">2000<\/td>\n<td width=\"195\">\u0632\u0627\u0646\u0643\u06c6\u0649 \u0626\u06cc\u0633\u062a\u0627\u0646\u0628\u06c6\u06b5<\/td>\n<td width=\"193\">\u0626\u06c6\u0631\u062a\u06c6\u067e\u06ce\u062f\u06cc\u0643 \u0648 \u062a\u0631\u0627\u0645\u0627\u062a\u06c6\u0644\u06c6\u062c\u0649<\/td>\n<td width=\"79\">\u067e\u0633\u067e\u06c6\u0631\u0649 \u0644\u06d5 \u067e\u0632\u06cc\u0634\u0643<\/td>\n<\/tr>\n<tr>\n<td width=\"132\">2007<\/td>\n<td width=\"195\">\u0632\u0627\u0646\u0643\u06c6\u0649 \u0643\u0631\u0643 \u0643\u06d5\u0644\u06d5<\/td>\n<td width=\"193\">\u0626\u06c6\u0631\u062a\u06c6\u067e\u06ce\u062f\u06cc\u0643 \u0648 \u062a\u0631\u0627\u0645\u0627\u062a\u06c6\u0644\u06c6\u062c\u0649<\/td>\n<td width=\"79\">\u06cc\u0627\u0631\u06cc\u062f\u06d5\u062f\u06d5\u0631\u0649 \u067e\u0695\u06c6\u0641\u06cc\u0633\u06c6\u0631<\/td>\n<\/tr>\n<tr>\n<td width=\"132\">2013<\/td>\n<td width=\"195\">\u0632\u0627\u0646\u0643\u06c6\u0649 \u0626\u06d5\u062c\u0649 \u0628\u0627\u062f\u06d5\u0645<\/td>\n<td width=\"193\">\u0626\u06c6\u0631\u062a\u06c6\u067e\u06ce\u062f\u06cc\u0643 \u0648 \u062a\u0631\u0627\u0645\u0627\u062a\u06c6\u0644\u06c6\u062c\u0649<\/td>\n<td width=\"79\">\u067e\u0695\u06c6\u0641\u06cc\u0633\u06c6\u0631<\/td>\n<\/tr>\n<\/tbody>\n<\/table>\n<p dir=\"rtl\">5- \u0646\u0627\u0648\u0646\u06cc\u0634\u0627\u0646\u0649 \u0626\u06d5\u0643\u0627\u062f\u06cc\u0645\u0649: \u067e\u0695\u06c6\u0641\u06cc\u0633\u06c6\u0631 \u062f\u0643\u062a\u06c6\u0631<\/p>\n<p dir=\"rtl\">\n<p><\/p>\n<!-- AddThis Advanced Settings generic via filter on the_content --><!-- AddThis Share Buttons generic via filter on the_content -->","protected":false},"excerpt":{"rendered":"<p>\u0695\u0627\u0628\u0631\u062f\u0648\u0648 \u0646\u0627\u0648 \u0648 \u0646\u0627\u0632\u0646\u0627\u0648: \u0626\u06c6\u0632\u06af\u0648\u0631 \u0686\u06d5\u062a\u06cc\u0643 \u0695\u06c6\u0698\u0649 \u0644\u06d5\u062f\u0627\u06cc\u0643\u0628\u0648\u0648\u0646: 01.01.1973 \u0646\u0627\u0648\u0646\u06cc\u0634\u0627\u0646: \u0646\u06d5\u062e\u06c6\u0634\u062e\u0627\u0646\u06d5\u0649 \u0628\u06d5\u0643\u0631\u0643\u06c6\u0649 \u0626\u06d5\u062c\u0649 \u0628\u0627\u062f\u06d5\u0645\u0649 \u062a\u0627\u06cc\u0628\u06d5\u062a \u2013 \u0628\u06d5\u0634\u0649 \u0626\u06c6\u0631\u062a\u06c6\u067e\u06ce\u062f\u06cc\u0643 \u0648 \u062a\u0631\u0627\u0645\u0627\u062a\u06c6\u0644\u06c6\u062c\u0649 \u2013 \u0634\u06d5\u0642\u0627\u0645\u0649 \u0647\u0627\u0644\u06cc\u062a \u0632\u06cc\u0627 \u0626\u0648\u0634\u0627\u0643\u0644\u06cc \u2013 \u0698\u0645\u0627\u0631\u06d5: 1 \u0628\u06d5\u0643\u0631\u0643\u06c6\u0649 \u2013 \u0626\u06cc\u0633\u062a\u0627\u0646\u0628\u06c6\u06b5 \u062a\u06d5\u0644\u06d5\u0641\u06c6\u0646: +90 212 414 5042 \u0641\u0627\u0643\u0633: +90 212 4145140 \u067e\u06cc\u0634\u06d5: \u067e\u0632\u06cc\u0634\u0643 \u062d\u0627\u06b5\u06d5\u062a\u0649 \u0628\u0695\u0648\u0627\u0646\u0627\u0645\u06d5: \u0633\u0627\u06b5 \u0632\u0627\u0646\u0643\u06c6 \u0628\u0648\u0627\u0631 \u0628\u0695\u0648\u0627\u0646\u0627\u0645\u06d5 1995 \u0632\u0627\u0646\u0643\u06c6\u0649 \u0626\u06cc\u0633\u062a\u0627\u0646\u0628\u06c6\u06b5 \u0643\u06c6\u0644\u06ce\u0698\u0649 \u067e\u0632\u06cc\u0634\u0643\u0649 \u0628\u06d5\u0643\u0627\u0644\u06c6\u0631\u06cc\u06c6\u0633 2000&#8230;<!-- AddThis Advanced Settings generic via filter on get_the_excerpt --><!-- AddThis Share Buttons generic via filter on get_the_excerpt --><\/p>\n","protected":false},"author":1,"featured_media":0,"parent":0,"menu_order":0,"comment_status":"closed","ping_status":"closed","template":"","meta":{"ngg_post_thumbnail":0,"footnotes":""},"class_list":["post-11","page","type-page","status-publish","hentry","no-featured-image","page-entry","loop-entry clr"],"yoast_head":"<!-- This site is optimized with the Yoast SEO plugin v27.5 - https:\/\/yoast.com\/product\/yoast-seo-wordpress\/ -->\n<title>\u0695\u0627\u0628\u0631\u062f\u0648\u0648 - Prof. Dr. &Ouml;zg&uuml;r &Ccedil;ET\u0130K<\/title>\n<meta name=\"robots\" content=\"index, follow, max-snippet:-1, max-image-preview:large, max-video-preview:-1\" \/>\n<link rel=\"canonical\" href=\"https:\/\/www.drozgurcetik.com\/ozgecmis\/\" \/>\n<meta property=\"og:locale\" content=\"en_US\" \/>\n<meta property=\"og:type\" content=\"article\" \/>\n<meta property=\"og:title\" content=\"[:tr]\u00d6zge\u00e7mi\u015f[:en]\u00d6zge\u00e7mi\u015f[:ar]\u0633\u064a\u0631\u0629 \u0630\u0627\u062a\u064a\u0629[:kd]\u0695\u0627\u0628\u0631\u062f\u0648\u0648[:] - Prof. Dr. &Ouml;zg&uuml;r &Ccedil;ET\u0130K\" \/>\n<meta property=\"og:description\" content=\"\u0695\u0627\u0628\u0631\u062f\u0648\u0648 \u0646\u0627\u0648 \u0648 \u0646\u0627\u0632\u0646\u0627\u0648: \u0626\u06c6\u0632\u06af\u0648\u0631 \u0686\u06d5\u062a\u06cc\u0643 \u0695\u06c6\u0698\u0649 \u0644\u06d5\u062f\u0627\u06cc\u0643\u0628\u0648\u0648\u0646: 01.01.1973 \u0646\u0627\u0648\u0646\u06cc\u0634\u0627\u0646: \u0646\u06d5\u062e\u06c6\u0634\u062e\u0627\u0646\u06d5\u0649 \u0628\u06d5\u0643\u0631\u0643\u06c6\u0649 \u0626\u06d5\u062c\u0649 \u0628\u0627\u062f\u06d5\u0645\u0649 \u062a\u0627\u06cc\u0628\u06d5\u062a \u2013 \u0628\u06d5\u0634\u0649 \u0626\u06c6\u0631\u062a\u06c6\u067e\u06ce\u062f\u06cc\u0643 \u0648 \u062a\u0631\u0627\u0645\u0627\u062a\u06c6\u0644\u06c6\u062c\u0649 \u2013 \u0634\u06d5\u0642\u0627\u0645\u0649 \u0647\u0627\u0644\u06cc\u062a \u0632\u06cc\u0627 \u0626\u0648\u0634\u0627\u0643\u0644\u06cc \u2013 \u0698\u0645\u0627\u0631\u06d5: 1 \u0628\u06d5\u0643\u0631\u0643\u06c6\u0649 \u2013 \u0626\u06cc\u0633\u062a\u0627\u0646\u0628\u06c6\u06b5 \u062a\u06d5\u0644\u06d5\u0641\u06c6\u0646: +90 212 414 5042 \u0641\u0627\u0643\u0633: +90 212 4145140 \u067e\u06cc\u0634\u06d5: \u067e\u0632\u06cc\u0634\u0643 \u062d\u0627\u06b5\u06d5\u062a\u0649 \u0628\u0695\u0648\u0627\u0646\u0627\u0645\u06d5: \u0633\u0627\u06b5 \u0632\u0627\u0646\u0643\u06c6 \u0628\u0648\u0627\u0631 \u0628\u0695\u0648\u0627\u0646\u0627\u0645\u06d5 1995 \u0632\u0627\u0646\u0643\u06c6\u0649 \u0626\u06cc\u0633\u062a\u0627\u0646\u0628\u06c6\u06b5 \u0643\u06c6\u0644\u06ce\u0698\u0649 \u067e\u0632\u06cc\u0634\u0643\u0649 \u0628\u06d5\u0643\u0627\u0644\u06c6\u0631\u06cc\u06c6\u0633 2000...\" \/>\n<meta property=\"og:url\" content=\"https:\/\/www.drozgurcetik.com\/ozgecmis\/\" \/>\n<meta property=\"og:site_name\" content=\"Prof. Dr. &Ouml;zg&uuml;r &Ccedil;ET\u0130K\" \/>\n<meta property=\"article:publisher\" content=\"https:\/\/www.facebook.com\/drozgurcetik\" \/>\n<meta property=\"article:modified_time\" content=\"2016-07-17T20:39:36+00:00\" \/>\n<meta property=\"og:image\" content=\"http:\/\/www.drozgurcetik.com\/wp-content\/uploads\/2015\/01\/Ozgur.Cetik_resim-199x300.jpg\" \/>\n<meta name=\"twitter:card\" content=\"summary_large_image\" \/>\n<meta name=\"twitter:site\" content=\"@PrfDrOzgurCetik\" \/>\n<meta name=\"twitter:label1\" content=\"Est. reading time\" \/>\n\t<meta name=\"twitter:data1\" content=\"2 minutes\" \/>\n<script type=\"application\/ld+json\" class=\"yoast-schema-graph\">{\"@context\":\"https:\\\/\\\/schema.org\",\"@graph\":[{\"@type\":\"WebPage\",\"@id\":\"https:\\\/\\\/www.drozgurcetik.com\\\/ozgecmis\\\/\",\"url\":\"https:\\\/\\\/www.drozgurcetik.com\\\/ozgecmis\\\/\",\"name\":\"[:tr]\u00d6zge\u00e7mi\u015f[:en]\u00d6zge\u00e7mi\u015f[:ar]\u0633\u064a\u0631\u0629 \u0630\u0627\u062a\u064a\u0629[:kd]\u0695\u0627\u0628\u0631\u062f\u0648\u0648[:] - Prof. Dr. &Ouml;zg&uuml;r &Ccedil;ET\u0130K\",\"isPartOf\":{\"@id\":\"https:\\\/\\\/www.drozgurcetik.com\\\/en\\\/#website\"},\"primaryImageOfPage\":{\"@id\":\"https:\\\/\\\/www.drozgurcetik.com\\\/ozgecmis\\\/#primaryimage\"},\"image\":{\"@id\":\"https:\\\/\\\/www.drozgurcetik.com\\\/ozgecmis\\\/#primaryimage\"},\"thumbnailUrl\":\"http:\\\/\\\/www.drozgurcetik.com\\\/wp-content\\\/uploads\\\/2015\\\/01\\\/Ozgur.Cetik_resim-199x300.jpg\",\"datePublished\":\"2015-01-31T00:00:59+00:00\",\"dateModified\":\"2016-07-17T20:39:36+00:00\",\"breadcrumb\":{\"@id\":\"https:\\\/\\\/www.drozgurcetik.com\\\/ozgecmis\\\/#breadcrumb\"},\"inLanguage\":\"kd-KD\",\"potentialAction\":[{\"@type\":\"ReadAction\",\"target\":[\"https:\\\/\\\/www.drozgurcetik.com\\\/ozgecmis\\\/\"]}]},{\"@type\":\"ImageObject\",\"inLanguage\":\"kd-KD\",\"@id\":\"https:\\\/\\\/www.drozgurcetik.com\\\/ozgecmis\\\/#primaryimage\",\"url\":\"http:\\\/\\\/www.drozgurcetik.com\\\/wp-content\\\/uploads\\\/2015\\\/01\\\/Ozgur.Cetik_resim-199x300.jpg\",\"contentUrl\":\"http:\\\/\\\/www.drozgurcetik.com\\\/wp-content\\\/uploads\\\/2015\\\/01\\\/Ozgur.Cetik_resim-199x300.jpg\"},{\"@type\":\"BreadcrumbList\",\"@id\":\"https:\\\/\\\/www.drozgurcetik.com\\\/ozgecmis\\\/#breadcrumb\",\"itemListElement\":[{\"@type\":\"ListItem\",\"position\":1,\"name\":\"Anasayfa\",\"item\":\"https:\\\/\\\/www.drozgurcetik.com\\\/en\\\/\"},{\"@type\":\"ListItem\",\"position\":2,\"name\":\"\u00d6zge\u00e7mi\u015f\"}]},{\"@type\":\"WebSite\",\"@id\":\"https:\\\/\\\/www.drozgurcetik.com\\\/en\\\/#website\",\"url\":\"https:\\\/\\\/www.drozgurcetik.com\\\/en\\\/\",\"name\":\"Prof. Dr. \u00d6zg\u00fcr \u00c7ET\u0130K\",\"description\":\"Orthopedics and Traumatology\",\"publisher\":{\"@id\":\"https:\\\/\\\/www.drozgurcetik.com\\\/en\\\/#organization\"},\"alternateName\":\"Ortopedi ve Travmatoloji Uzman\u0131\",\"potentialAction\":[{\"@type\":\"SearchAction\",\"target\":{\"@type\":\"EntryPoint\",\"urlTemplate\":\"https:\\\/\\\/www.drozgurcetik.com\\\/en\\\/?s={search_term_string}\"},\"query-input\":{\"@type\":\"PropertyValueSpecification\",\"valueRequired\":true,\"valueName\":\"search_term_string\"}}],\"inLanguage\":\"kd-KD\"},{\"@type\":\"Organization\",\"@id\":\"https:\\\/\\\/www.drozgurcetik.com\\\/en\\\/#organization\",\"name\":\"Prof. Dr. \u00d6zg\u00fcr \u00c7ET\u0130K\",\"alternateName\":\"Ortopedi ve Travmatoloji Uzman\u0131\",\"url\":\"https:\\\/\\\/www.drozgurcetik.com\\\/en\\\/\",\"logo\":{\"@type\":\"ImageObject\",\"inLanguage\":\"kd-KD\",\"@id\":\"https:\\\/\\\/www.drozgurcetik.com\\\/en\\\/#\\\/schema\\\/logo\\\/image\\\/\",\"url\":\"https:\\\/\\\/www.drozgurcetik.com\\\/wp-content\\\/uploads\\\/cropped-prof.dr-ozgur-cetik.jpg\",\"contentUrl\":\"https:\\\/\\\/www.drozgurcetik.com\\\/wp-content\\\/uploads\\\/cropped-prof.dr-ozgur-cetik.jpg\",\"width\":512,\"height\":512,\"caption\":\"Prof. Dr. \u00d6zg\u00fcr \u00c7ET\u0130K\"},\"image\":{\"@id\":\"https:\\\/\\\/www.drozgurcetik.com\\\/en\\\/#\\\/schema\\\/logo\\\/image\\\/\"},\"sameAs\":[\"https:\\\/\\\/www.facebook.com\\\/drozgurcetik\",\"https:\\\/\\\/x.com\\\/PrfDrOzgurCetik\"]}]}<\/script>\n<!-- \/ Yoast SEO plugin. -->","yoast_head_json":{"title":"[:tr]\u00d6zge\u00e7mi\u015f[:en]\u00d6zge\u00e7mi\u015f[:ar]\u0633\u064a\u0631\u0629 \u0630\u0627\u062a\u064a\u0629[:kd]\u0695\u0627\u0628\u0631\u062f\u0648\u0648[:] - Prof. Dr. &Ouml;zg&uuml;r &Ccedil;ET\u0130K","robots":{"index":"index","follow":"follow","max-snippet":"max-snippet:-1","max-image-preview":"max-image-preview:large","max-video-preview":"max-video-preview:-1"},"canonical":"https:\/\/www.drozgurcetik.com\/ozgecmis\/","og_locale":"en_US","og_type":"article","og_title":"[:tr]\u00d6zge\u00e7mi\u015f[:en]\u00d6zge\u00e7mi\u015f[:ar]\u0633\u064a\u0631\u0629 \u0630\u0627\u062a\u064a\u0629[:kd]\u0695\u0627\u0628\u0631\u062f\u0648\u0648[:] - Prof. Dr. &Ouml;zg&uuml;r &Ccedil;ET\u0130K","og_description":"\u0695\u0627\u0628\u0631\u062f\u0648\u0648 \u0646\u0627\u0648 \u0648 \u0646\u0627\u0632\u0646\u0627\u0648: \u0626\u06c6\u0632\u06af\u0648\u0631 \u0686\u06d5\u062a\u06cc\u0643 \u0695\u06c6\u0698\u0649 \u0644\u06d5\u062f\u0627\u06cc\u0643\u0628\u0648\u0648\u0646: 01.01.1973 \u0646\u0627\u0648\u0646\u06cc\u0634\u0627\u0646: \u0646\u06d5\u062e\u06c6\u0634\u062e\u0627\u0646\u06d5\u0649 \u0628\u06d5\u0643\u0631\u0643\u06c6\u0649 \u0626\u06d5\u062c\u0649 \u0628\u0627\u062f\u06d5\u0645\u0649 \u062a\u0627\u06cc\u0628\u06d5\u062a \u2013 \u0628\u06d5\u0634\u0649 \u0626\u06c6\u0631\u062a\u06c6\u067e\u06ce\u062f\u06cc\u0643 \u0648 \u062a\u0631\u0627\u0645\u0627\u062a\u06c6\u0644\u06c6\u062c\u0649 \u2013 \u0634\u06d5\u0642\u0627\u0645\u0649 \u0647\u0627\u0644\u06cc\u062a \u0632\u06cc\u0627 \u0626\u0648\u0634\u0627\u0643\u0644\u06cc \u2013 \u0698\u0645\u0627\u0631\u06d5: 1 \u0628\u06d5\u0643\u0631\u0643\u06c6\u0649 \u2013 \u0626\u06cc\u0633\u062a\u0627\u0646\u0628\u06c6\u06b5 \u062a\u06d5\u0644\u06d5\u0641\u06c6\u0646: +90 212 414 5042 \u0641\u0627\u0643\u0633: +90 212 4145140 \u067e\u06cc\u0634\u06d5: \u067e\u0632\u06cc\u0634\u0643 \u062d\u0627\u06b5\u06d5\u062a\u0649 \u0628\u0695\u0648\u0627\u0646\u0627\u0645\u06d5: \u0633\u0627\u06b5 \u0632\u0627\u0646\u0643\u06c6 \u0628\u0648\u0627\u0631 \u0628\u0695\u0648\u0627\u0646\u0627\u0645\u06d5 1995 \u0632\u0627\u0646\u0643\u06c6\u0649 \u0626\u06cc\u0633\u062a\u0627\u0646\u0628\u06c6\u06b5 \u0643\u06c6\u0644\u06ce\u0698\u0649 \u067e\u0632\u06cc\u0634\u0643\u0649 \u0628\u06d5\u0643\u0627\u0644\u06c6\u0631\u06cc\u06c6\u0633 2000...","og_url":"https:\/\/www.drozgurcetik.com\/ozgecmis\/","og_site_name":"Prof. Dr. &Ouml;zg&uuml;r &Ccedil;ET\u0130K","article_publisher":"https:\/\/www.facebook.com\/drozgurcetik","article_modified_time":"2016-07-17T20:39:36+00:00","og_image":[{"url":"http:\/\/www.drozgurcetik.com\/wp-content\/uploads\/2015\/01\/Ozgur.Cetik_resim-199x300.jpg","type":"","width":"","height":""}],"twitter_card":"summary_large_image","twitter_site":"@PrfDrOzgurCetik","twitter_misc":{"Est. reading time":"2 minutes"},"schema":{"@context":"https:\/\/schema.org","@graph":[{"@type":"WebPage","@id":"https:\/\/www.drozgurcetik.com\/ozgecmis\/","url":"https:\/\/www.drozgurcetik.com\/ozgecmis\/","name":"[:tr]\u00d6zge\u00e7mi\u015f[:en]\u00d6zge\u00e7mi\u015f[:ar]\u0633\u064a\u0631\u0629 \u0630\u0627\u062a\u064a\u0629[:kd]\u0695\u0627\u0628\u0631\u062f\u0648\u0648[:] - Prof. Dr. &Ouml;zg&uuml;r &Ccedil;ET\u0130K","isPartOf":{"@id":"https:\/\/www.drozgurcetik.com\/en\/#website"},"primaryImageOfPage":{"@id":"https:\/\/www.drozgurcetik.com\/ozgecmis\/#primaryimage"},"image":{"@id":"https:\/\/www.drozgurcetik.com\/ozgecmis\/#primaryimage"},"thumbnailUrl":"http:\/\/www.drozgurcetik.com\/wp-content\/uploads\/2015\/01\/Ozgur.Cetik_resim-199x300.jpg","datePublished":"2015-01-31T00:00:59+00:00","dateModified":"2016-07-17T20:39:36+00:00","breadcrumb":{"@id":"https:\/\/www.drozgurcetik.com\/ozgecmis\/#breadcrumb"},"inLanguage":"kd-KD","potentialAction":[{"@type":"ReadAction","target":["https:\/\/www.drozgurcetik.com\/ozgecmis\/"]}]},{"@type":"ImageObject","inLanguage":"kd-KD","@id":"https:\/\/www.drozgurcetik.com\/ozgecmis\/#primaryimage","url":"http:\/\/www.drozgurcetik.com\/wp-content\/uploads\/2015\/01\/Ozgur.Cetik_resim-199x300.jpg","contentUrl":"http:\/\/www.drozgurcetik.com\/wp-content\/uploads\/2015\/01\/Ozgur.Cetik_resim-199x300.jpg"},{"@type":"BreadcrumbList","@id":"https:\/\/www.drozgurcetik.com\/ozgecmis\/#breadcrumb","itemListElement":[{"@type":"ListItem","position":1,"name":"Anasayfa","item":"https:\/\/www.drozgurcetik.com\/en\/"},{"@type":"ListItem","position":2,"name":"\u00d6zge\u00e7mi\u015f"}]},{"@type":"WebSite","@id":"https:\/\/www.drozgurcetik.com\/en\/#website","url":"https:\/\/www.drozgurcetik.com\/en\/","name":"Prof. Dr. \u00d6zg\u00fcr \u00c7ET\u0130K","description":"Orthopedics and Traumatology","publisher":{"@id":"https:\/\/www.drozgurcetik.com\/en\/#organization"},"alternateName":"Ortopedi ve Travmatoloji Uzman\u0131","potentialAction":[{"@type":"SearchAction","target":{"@type":"EntryPoint","urlTemplate":"https:\/\/www.drozgurcetik.com\/en\/?s={search_term_string}"},"query-input":{"@type":"PropertyValueSpecification","valueRequired":true,"valueName":"search_term_string"}}],"inLanguage":"kd-KD"},{"@type":"Organization","@id":"https:\/\/www.drozgurcetik.com\/en\/#organization","name":"Prof. Dr. \u00d6zg\u00fcr \u00c7ET\u0130K","alternateName":"Ortopedi ve Travmatoloji Uzman\u0131","url":"https:\/\/www.drozgurcetik.com\/en\/","logo":{"@type":"ImageObject","inLanguage":"kd-KD","@id":"https:\/\/www.drozgurcetik.com\/en\/#\/schema\/logo\/image\/","url":"https:\/\/www.drozgurcetik.com\/wp-content\/uploads\/cropped-prof.dr-ozgur-cetik.jpg","contentUrl":"https:\/\/www.drozgurcetik.com\/wp-content\/uploads\/cropped-prof.dr-ozgur-cetik.jpg","width":512,"height":512,"caption":"Prof. Dr. \u00d6zg\u00fcr \u00c7ET\u0130K"},"image":{"@id":"https:\/\/www.drozgurcetik.com\/en\/#\/schema\/logo\/image\/"},"sameAs":["https:\/\/www.facebook.com\/drozgurcetik","https:\/\/x.com\/PrfDrOzgurCetik"]}]}},"_links":{"self":[{"href":"https:\/\/www.drozgurcetik.com\/kd\/wp-json\/wp\/v2\/pages\/11","targetHints":{"allow":["GET"]}}],"collection":[{"href":"https:\/\/www.drozgurcetik.com\/kd\/wp-json\/wp\/v2\/pages"}],"about":[{"href":"https:\/\/www.drozgurcetik.com\/kd\/wp-json\/wp\/v2\/types\/page"}],"author":[{"embeddable":true,"href":"https:\/\/www.drozgurcetik.com\/kd\/wp-json\/wp\/v2\/users\/1"}],"replies":[{"embeddable":true,"href":"https:\/\/www.drozgurcetik.com\/kd\/wp-json\/wp\/v2\/comments?post=11"}],"version-history":[{"count":22,"href":"https:\/\/www.drozgurcetik.com\/kd\/wp-json\/wp\/v2\/pages\/11\/revisions"}],"predecessor-version":[{"id":1010,"href":"https:\/\/www.drozgurcetik.com\/kd\/wp-json\/wp\/v2\/pages\/11\/revisions\/1010"}],"wp:attachment":[{"href":"https:\/\/www.drozgurcetik.com\/kd\/wp-json\/wp\/v2\/media?parent=11"}],"curies":[{"name":"wp","href":"https:\/\/api.w.org\/{rel}","templated":true}]}}