{"id":1122,"date":"2017-01-11T03:21:06","date_gmt":"2017-01-11T01:21:06","guid":{"rendered":"http:\/\/www.drozgurcetik.com\/?page_id=1122"},"modified":"2019-09-11T12:16:05","modified_gmt":"2019-09-11T09:16:05","slug":"resimler-2","status":"publish","type":"page","link":"https:\/\/www.drozgurcetik.com\/kd\/resimler-2\/","title":{"rendered":"\u0648\u06ce\u0646\u0647"},"content":{"rendered":"<p><\/p>\n<p>ngg_shortcode_3_placeholder<p>Invalid Displayed Gallery<\/p><\/p>\n<!-- AddThis Advanced Settings generic via filter on the_content --><!-- AddThis Share Buttons generic via filter on the_content -->","protected":false},"excerpt":{"rendered":"<p>&#8221; template=&#8221;D:\\Hosting\\11716029\\html\\drozgurcetik.com\\wp-content\\plugins\\nextgen-gallery\\products\\photocrati_nextgen\\modules\\ngglegacy\\view\\gallery.php&#8221; order_by=&#8221;sortorder&#8221; order_direction=&#8221;ASC&#8221; returns=&#8221;included&#8221; maximum_entity_count=&#8221;500&#8243;]Invalid Displayed Gallery<!-- AddThis Advanced Settings generic via filter on get_the_excerpt --><!-- AddThis Share Buttons generic via filter on get_the_excerpt --><\/p>\n","protected":false},"author":1,"featured_media":0,"parent":0,"menu_order":0,"comment_status":"closed","ping_status":"closed","template":"","meta":{"ngg_post_thumbnail":0,"footnotes":""},"class_list":["post-1122","page","type-page","status-publish","hentry","no-featured-image","page-entry","loop-entry clr"],"yoast_head":"<!-- This site is optimized with the Yoast SEO plugin v27.5 - https:\/\/yoast.com\/product\/yoast-seo-wordpress\/ -->\n<title>\u0648\u06ce\u0646\u0647 - Prof. Dr. &Ouml;zg&uuml;r &Ccedil;ET\u0130K<\/title>\n<meta name=\"robots\" content=\"index, follow, max-snippet:-1, max-image-preview:large, max-video-preview:-1\" \/>\n<link rel=\"canonical\" href=\"https:\/\/www.drozgurcetik.com\/resimler-2\/\" \/>\n<meta property=\"og:locale\" content=\"en_US\" \/>\n<meta property=\"og:type\" content=\"article\" \/>\n<meta property=\"og:title\" content=\"[:tr]Resimler[:en]Photos[:ar]\u0627\u0644\u0635\u0648\u0631[:kd]\u0648\u06ce\u0646\u0647[:] - Prof. Dr. &Ouml;zg&uuml;r &Ccedil;ET\u0130K\" \/>\n<meta property=\"og:description\" content=\"&#8221; template=&#8221;D:Hosting11716029htmldrozgurcetik.comwp-contentpluginsnextgen-galleryproductsphotocrati_nextgenmodulesngglegacyviewgallery.php&#8221; order_by=&#8221;sortorder&#8221; order_direction=&#8221;ASC&#8221; returns=&#8221;included&#8221; maximum_entity_count=&#8221;500&#8243;]Invalid Displayed Gallery\" \/>\n<meta property=\"og:url\" content=\"https:\/\/www.drozgurcetik.com\/resimler-2\/\" \/>\n<meta property=\"og:site_name\" content=\"Prof. Dr. &Ouml;zg&uuml;r &Ccedil;ET\u0130K\" \/>\n<meta property=\"article:publisher\" content=\"https:\/\/www.facebook.com\/drozgurcetik\" \/>\n<meta property=\"article:modified_time\" content=\"2019-09-11T09:16:05+00:00\" \/>\n<meta property=\"og:image\" content=\"http:\/\/www.drozgurcetik.com\/nextgen-attach_to_post\/preview\/id--1129\" \/>\n<meta name=\"twitter:card\" content=\"summary_large_image\" \/>\n<meta name=\"twitter:site\" content=\"@PrfDrOzgurCetik\" \/>\n<meta name=\"twitter:label1\" content=\"Est. reading time\" \/>\n\t<meta name=\"twitter:data1\" content=\"1 minute\" \/>\n<script type=\"application\/ld+json\" class=\"yoast-schema-graph\">{\"@context\":\"https:\\\/\\\/schema.org\",\"@graph\":[{\"@type\":\"WebPage\",\"@id\":\"https:\\\/\\\/www.drozgurcetik.com\\\/resimler-2\\\/\",\"url\":\"https:\\\/\\\/www.drozgurcetik.com\\\/resimler-2\\\/\",\"name\":\"[:tr]Resimler[:en]Photos[:ar]\u0627\u0644\u0635\u0648\u0631[:kd]\u0648\u06ce\u0646\u0647[:] - Prof. Dr. &Ouml;zg&uuml;r &Ccedil;ET\u0130K\",\"isPartOf\":{\"@id\":\"https:\\\/\\\/www.drozgurcetik.com\\\/en\\\/#website\"},\"primaryImageOfPage\":{\"@id\":\"https:\\\/\\\/www.drozgurcetik.com\\\/resimler-2\\\/#primaryimage\"},\"image\":{\"@id\":\"https:\\\/\\\/www.drozgurcetik.com\\\/resimler-2\\\/#primaryimage\"},\"thumbnailUrl\":\"http:\\\/\\\/www.drozgurcetik.com\\\/nextgen-attach_to_post\\\/preview\\\/id--1129\",\"datePublished\":\"2017-01-11T01:21:06+00:00\",\"dateModified\":\"2019-09-11T09:16:05+00:00\",\"breadcrumb\":{\"@id\":\"https:\\\/\\\/www.drozgurcetik.com\\\/resimler-2\\\/#breadcrumb\"},\"inLanguage\":\"kd-KD\",\"potentialAction\":[{\"@type\":\"ReadAction\",\"target\":[\"https:\\\/\\\/www.drozgurcetik.com\\\/resimler-2\\\/\"]}]},{\"@type\":\"ImageObject\",\"inLanguage\":\"kd-KD\",\"@id\":\"https:\\\/\\\/www.drozgurcetik.com\\\/resimler-2\\\/#primaryimage\",\"url\":\"http:\\\/\\\/www.drozgurcetik.com\\\/nextgen-attach_to_post\\\/preview\\\/id--1129\",\"contentUrl\":\"http:\\\/\\\/www.drozgurcetik.com\\\/nextgen-attach_to_post\\\/preview\\\/id--1129\"},{\"@type\":\"BreadcrumbList\",\"@id\":\"https:\\\/\\\/www.drozgurcetik.com\\\/resimler-2\\\/#breadcrumb\",\"itemListElement\":[{\"@type\":\"ListItem\",\"position\":1,\"name\":\"Anasayfa\",\"item\":\"https:\\\/\\\/www.drozgurcetik.com\\\/en\\\/\"},{\"@type\":\"ListItem\",\"position\":2,\"name\":\"Resimler\"}]},{\"@type\":\"WebSite\",\"@id\":\"https:\\\/\\\/www.drozgurcetik.com\\\/en\\\/#website\",\"url\":\"https:\\\/\\\/www.drozgurcetik.com\\\/en\\\/\",\"name\":\"Prof. Dr. \u00d6zg\u00fcr \u00c7ET\u0130K\",\"description\":\"Orthopedics and Traumatology\",\"publisher\":{\"@id\":\"https:\\\/\\\/www.drozgurcetik.com\\\/en\\\/#organization\"},\"alternateName\":\"Ortopedi ve Travmatoloji Uzman\u0131\",\"potentialAction\":[{\"@type\":\"SearchAction\",\"target\":{\"@type\":\"EntryPoint\",\"urlTemplate\":\"https:\\\/\\\/www.drozgurcetik.com\\\/en\\\/?s={search_term_string}\"},\"query-input\":{\"@type\":\"PropertyValueSpecification\",\"valueRequired\":true,\"valueName\":\"search_term_string\"}}],\"inLanguage\":\"kd-KD\"},{\"@type\":\"Organization\",\"@id\":\"https:\\\/\\\/www.drozgurcetik.com\\\/en\\\/#organization\",\"name\":\"Prof. Dr. \u00d6zg\u00fcr \u00c7ET\u0130K\",\"alternateName\":\"Ortopedi ve Travmatoloji Uzman\u0131\",\"url\":\"https:\\\/\\\/www.drozgurcetik.com\\\/en\\\/\",\"logo\":{\"@type\":\"ImageObject\",\"inLanguage\":\"kd-KD\",\"@id\":\"https:\\\/\\\/www.drozgurcetik.com\\\/en\\\/#\\\/schema\\\/logo\\\/image\\\/\",\"url\":\"https:\\\/\\\/www.drozgurcetik.com\\\/wp-content\\\/uploads\\\/cropped-prof.dr-ozgur-cetik.jpg\",\"contentUrl\":\"https:\\\/\\\/www.drozgurcetik.com\\\/wp-content\\\/uploads\\\/cropped-prof.dr-ozgur-cetik.jpg\",\"width\":512,\"height\":512,\"caption\":\"Prof. Dr. \u00d6zg\u00fcr \u00c7ET\u0130K\"},\"image\":{\"@id\":\"https:\\\/\\\/www.drozgurcetik.com\\\/en\\\/#\\\/schema\\\/logo\\\/image\\\/\"},\"sameAs\":[\"https:\\\/\\\/www.facebook.com\\\/drozgurcetik\",\"https:\\\/\\\/x.com\\\/PrfDrOzgurCetik\"]}]}<\/script>\n<!-- \/ Yoast SEO plugin. -->","yoast_head_json":{"title":"[:tr]Resimler[:en]Photos[:ar]\u0627\u0644\u0635\u0648\u0631[:kd]\u0648\u06ce\u0646\u0647[:] - Prof. Dr. &Ouml;zg&uuml;r &Ccedil;ET\u0130K","robots":{"index":"index","follow":"follow","max-snippet":"max-snippet:-1","max-image-preview":"max-image-preview:large","max-video-preview":"max-video-preview:-1"},"canonical":"https:\/\/www.drozgurcetik.com\/resimler-2\/","og_locale":"en_US","og_type":"article","og_title":"[:tr]Resimler[:en]Photos[:ar]\u0627\u0644\u0635\u0648\u0631[:kd]\u0648\u06ce\u0646\u0647[:] - Prof. Dr. &Ouml;zg&uuml;r &Ccedil;ET\u0130K","og_description":"&#8221; template=&#8221;D:Hosting11716029htmldrozgurcetik.comwp-contentpluginsnextgen-galleryproductsphotocrati_nextgenmodulesngglegacyviewgallery.php&#8221; order_by=&#8221;sortorder&#8221; order_direction=&#8221;ASC&#8221; returns=&#8221;included&#8221; maximum_entity_count=&#8221;500&#8243;]Invalid Displayed Gallery","og_url":"https:\/\/www.drozgurcetik.com\/resimler-2\/","og_site_name":"Prof. Dr. &Ouml;zg&uuml;r &Ccedil;ET\u0130K","article_publisher":"https:\/\/www.facebook.com\/drozgurcetik","article_modified_time":"2019-09-11T09:16:05+00:00","og_image":[{"url":"http:\/\/www.drozgurcetik.com\/nextgen-attach_to_post\/preview\/id--1129","type":"","width":"","height":""}],"twitter_card":"summary_large_image","twitter_site":"@PrfDrOzgurCetik","twitter_misc":{"Est. reading time":"1 minute"},"schema":{"@context":"https:\/\/schema.org","@graph":[{"@type":"WebPage","@id":"https:\/\/www.drozgurcetik.com\/resimler-2\/","url":"https:\/\/www.drozgurcetik.com\/resimler-2\/","name":"[:tr]Resimler[:en]Photos[:ar]\u0627\u0644\u0635\u0648\u0631[:kd]\u0648\u06ce\u0646\u0647[:] - Prof. Dr. &Ouml;zg&uuml;r &Ccedil;ET\u0130K","isPartOf":{"@id":"https:\/\/www.drozgurcetik.com\/en\/#website"},"primaryImageOfPage":{"@id":"https:\/\/www.drozgurcetik.com\/resimler-2\/#primaryimage"},"image":{"@id":"https:\/\/www.drozgurcetik.com\/resimler-2\/#primaryimage"},"thumbnailUrl":"http:\/\/www.drozgurcetik.com\/nextgen-attach_to_post\/preview\/id--1129","datePublished":"2017-01-11T01:21:06+00:00","dateModified":"2019-09-11T09:16:05+00:00","breadcrumb":{"@id":"https:\/\/www.drozgurcetik.com\/resimler-2\/#breadcrumb"},"inLanguage":"kd-KD","potentialAction":[{"@type":"ReadAction","target":["https:\/\/www.drozgurcetik.com\/resimler-2\/"]}]},{"@type":"ImageObject","inLanguage":"kd-KD","@id":"https:\/\/www.drozgurcetik.com\/resimler-2\/#primaryimage","url":"http:\/\/www.drozgurcetik.com\/nextgen-attach_to_post\/preview\/id--1129","contentUrl":"http:\/\/www.drozgurcetik.com\/nextgen-attach_to_post\/preview\/id--1129"},{"@type":"BreadcrumbList","@id":"https:\/\/www.drozgurcetik.com\/resimler-2\/#breadcrumb","itemListElement":[{"@type":"ListItem","position":1,"name":"Anasayfa","item":"https:\/\/www.drozgurcetik.com\/en\/"},{"@type":"ListItem","position":2,"name":"Resimler"}]},{"@type":"WebSite","@id":"https:\/\/www.drozgurcetik.com\/en\/#website","url":"https:\/\/www.drozgurcetik.com\/en\/","name":"Prof. Dr. \u00d6zg\u00fcr \u00c7ET\u0130K","description":"Orthopedics and Traumatology","publisher":{"@id":"https:\/\/www.drozgurcetik.com\/en\/#organization"},"alternateName":"Ortopedi ve Travmatoloji Uzman\u0131","potentialAction":[{"@type":"SearchAction","target":{"@type":"EntryPoint","urlTemplate":"https:\/\/www.drozgurcetik.com\/en\/?s={search_term_string}"},"query-input":{"@type":"PropertyValueSpecification","valueRequired":true,"valueName":"search_term_string"}}],"inLanguage":"kd-KD"},{"@type":"Organization","@id":"https:\/\/www.drozgurcetik.com\/en\/#organization","name":"Prof. Dr. \u00d6zg\u00fcr \u00c7ET\u0130K","alternateName":"Ortopedi ve Travmatoloji Uzman\u0131","url":"https:\/\/www.drozgurcetik.com\/en\/","logo":{"@type":"ImageObject","inLanguage":"kd-KD","@id":"https:\/\/www.drozgurcetik.com\/en\/#\/schema\/logo\/image\/","url":"https:\/\/www.drozgurcetik.com\/wp-content\/uploads\/cropped-prof.dr-ozgur-cetik.jpg","contentUrl":"https:\/\/www.drozgurcetik.com\/wp-content\/uploads\/cropped-prof.dr-ozgur-cetik.jpg","width":512,"height":512,"caption":"Prof. Dr. \u00d6zg\u00fcr \u00c7ET\u0130K"},"image":{"@id":"https:\/\/www.drozgurcetik.com\/en\/#\/schema\/logo\/image\/"},"sameAs":["https:\/\/www.facebook.com\/drozgurcetik","https:\/\/x.com\/PrfDrOzgurCetik"]}]}},"_links":{"self":[{"href":"https:\/\/www.drozgurcetik.com\/kd\/wp-json\/wp\/v2\/pages\/1122","targetHints":{"allow":["GET"]}}],"collection":[{"href":"https:\/\/www.drozgurcetik.com\/kd\/wp-json\/wp\/v2\/pages"}],"about":[{"href":"https:\/\/www.drozgurcetik.com\/kd\/wp-json\/wp\/v2\/types\/page"}],"author":[{"embeddable":true,"href":"https:\/\/www.drozgurcetik.com\/kd\/wp-json\/wp\/v2\/users\/1"}],"replies":[{"embeddable":true,"href":"https:\/\/www.drozgurcetik.com\/kd\/wp-json\/wp\/v2\/comments?post=1122"}],"version-history":[{"count":12,"href":"https:\/\/www.drozgurcetik.com\/kd\/wp-json\/wp\/v2\/pages\/1122\/revisions"}],"predecessor-version":[{"id":1309,"href":"https:\/\/www.drozgurcetik.com\/kd\/wp-json\/wp\/v2\/pages\/1122\/revisions\/1309"}],"wp:attachment":[{"href":"https:\/\/www.drozgurcetik.com\/kd\/wp-json\/wp\/v2\/media?parent=1122"}],"curies":[{"name":"wp","href":"https:\/\/api.w.org\/{rel}","templated":true}]}}